{"id":1224,"date":"2020-06-07T12:21:13","date_gmt":"2020-06-07T16:21:13","guid":{"rendered":"https:\/\/www.cjeiledemontreal.org\/activites\/"},"modified":"2024-12-05T11:38:55","modified_gmt":"2024-12-05T16:38:55","slug":"activities","status":"publish","type":"page","link":"https:\/\/www.cjeiledemontreal.org\/en\/activities\/","title":{"rendered":"Activities"},"content":{"rendered":"<p><div class=\"fusion-fullwidth fullwidth-box fusion-builder-row-1 nonhundred-percent-fullwidth non-hundred-percent-height-scrolling\" style=\"--awb-background-position:center bottom;--awb-background-repeat:repeat-x;--awb-border-sizes-top:0px;--awb-border-sizes-bottom:0px;--awb-border-sizes-left:0px;--awb-border-sizes-right:0px;--awb-border-radius-top-left:0px;--awb-border-radius-top-right:0px;--awb-border-radius-bottom-right:0px;--awb-border-radius-bottom-left:0px;--awb-padding-top:130px;--awb-padding-bottom:50px;--awb-background-color:#ffffff;--awb-flex-wrap:wrap;\" ><div class=\"fusion-builder-row fusion-row\"><div class=\"fusion-layout-column fusion_builder_column fusion-builder-column-0 fusion_builder_column_1_1 1_1 fusion-one-full fusion-column-first fusion-column-last fusion-column-no-min-height\" style=\"--awb-bg-blend:overlay;--awb-bg-size:cover;--awb-margin-bottom:0px;\"><div class=\"fusion-column-wrapper fusion-flex-column-wrapper-legacy\"><div class=\"fusion-title title fusion-title-1 fusion-sep-none fusion-title-center fusion-title-text fusion-title-size-one\" style=\"--awb-margin-bottom:20px;--awb-margin-top-small:0px;--awb-margin-right-small:0px;--awb-margin-bottom-small:20px;--awb-margin-left-small:0px;\"><h1 class=\"fusion-title-heading title-heading-center fusion-responsive-typography-calculated\" style=\"margin:0;--fontSize:40;line-height:1.1;\">MONTREAL ISLAND <span style=\"color: #c4221b; font-weight: bold;\">CJE<\/span> ACTIVITIES<\/h1><\/div><div class=\"fusion-sep-clear\"><\/div><div class=\"fusion-separator\" style=\"margin-left: auto;margin-right: auto;margin-top:30px;margin-bottom:60px;width:100%;max-width:40%;\"><div class=\"fusion-separator-border sep-single\" style=\"--awb-height:20px;--awb-amount:20px;--awb-sep-color:#c4221b;border-color:#c4221b;border-top-width:1px;\"><\/div><\/div><div class=\"fusion-sep-clear\"><\/div><div class=\"fusion-clearfix\"><\/div><\/div><\/div><\/div><\/div><div class=\"fusion-fullwidth fullwidth-box fusion-builder-row-2 nonhundred-percent-fullwidth non-hundred-percent-height-scrolling\" style=\"--awb-border-radius-top-left:0px;--awb-border-radius-top-right:0px;--awb-border-radius-bottom-right:0px;--awb-border-radius-bottom-left:0px;--awb-flex-wrap:wrap;\" ><div class=\"fusion-builder-row fusion-row\"><div class=\"fusion-layout-column fusion_builder_column fusion-builder-column-1 fusion_builder_column_1_1 1_1 fusion-one-full fusion-column-first fusion-column-last projet-activite\" style=\"--awb-bg-size:cover;\"><div class=\"fusion-column-wrapper fusion-column-has-shadow fusion-flex-column-wrapper-legacy\"><div class=\"fusion-title title fusion-title-2 fusion-title-center fusion-title-text fusion-title-size-two sous-titre-activite\" style=\"--awb-text-color:#c4221b;--awb-margin-top-small:0px;--awb-margin-right-small:0px;--awb-margin-bottom-small:20px;--awb-margin-left-small:0px;--awb-font-size:38px;\"><div class=\"title-sep-container title-sep-container-left\"><div class=\"title-sep sep- sep-solid\" style=\"border-color:#e0dede;\"><\/div><\/div><span class=\"awb-title-spacer\"><\/span><h2 class=\"fusion-title-heading title-heading-center fusion-responsive-typography-calculated\" style=\"margin:0;font-size:1em;--fontSize:38;line-height:1.1;\">Regional projects<\/h2><span class=\"awb-title-spacer\"><\/span><div class=\"title-sep-container title-sep-container-right\"><div class=\"title-sep sep- sep-solid\" style=\"border-color:#e0dede;\"><\/div><\/div><\/div><div class=\"fusion-sep-clear\"><\/div><div class=\"fusion-separator fusion-full-width-sep\" style=\"margin-left: auto;margin-right: auto;margin-top:10px;width:100%;\"><\/div><div class=\"fusion-sep-clear\"><\/div><div class=\"fusion-builder-row fusion-builder-row-inner fusion-row\"><div class=\"fusion-layout-column fusion_builder_column_inner fusion-builder-nested-column-0 fusion_builder_column_inner_1_1 1_1 fusion-one-full fusion-column-first fusion-column-last\" style=\"--awb-bg-size:cover;\"><div class=\"fusion-column-wrapper fusion-column-has-shadow fusion-flex-column-wrapper-legacy\"><div class=\"fusion-title title fusion-title-3 fusion-title-text fusion-title-size-two titre-de-activite\" style=\"--awb-margin-top-small:0px;--awb-margin-right-small:0px;--awb-margin-bottom-small:20px;--awb-margin-left-small:0px;\"><h2 class=\"fusion-title-heading title-heading-left fusion-responsive-typography-calculated\" style=\"margin:0;--fontSize:33;line-height:1.1;\">THE CEGEPS TOUR<\/h2><span class=\"awb-title-spacer\"><\/span><div class=\"title-sep-container\"><div class=\"title-sep sep- sep-solid\" style=\"border-color:#e0dede;\"><\/div><\/div><\/div><div class=\"fusion-clearfix\"><\/div><\/div><\/div><div class=\"fusion-layout-column fusion_builder_column_inner fusion-builder-nested-column-1 fusion_builder_column_inner_1_6 1_6 fusion-one-sixth fusion-column-first\" style=\"--awb-bg-size:cover;width:16.666666666667%;width:calc(16.666666666667% - ( ( 4% ) * 0.16666666666667 ) );margin-right: 4%;\"><div class=\"fusion-column-wrapper fusion-column-has-shadow fusion-flex-column-wrapper-legacy\"><div class=\"fusion-image-element fusion-image-align-center in-legacy-container\" style=\"text-align:center;--awb-max-width:120px;--awb-caption-title-font-family:var(--h2_typography-font-family);--awb-caption-title-font-weight:var(--h2_typography-font-weight);--awb-caption-title-font-style:var(--h2_typography-font-style);--awb-caption-title-size:var(--h2_typography-font-size);--awb-caption-title-transform:var(--h2_typography-text-transform);--awb-caption-title-line-height:var(--h2_typography-line-height);--awb-caption-title-letter-spacing:var(--h2_typography-letter-spacing);\"><div class=\"imageframe-align-center\"><span class=\" fusion-imageframe imageframe-none imageframe-1 hover-type-none logo-activite\"><img decoding=\"async\" width=\"300\" height=\"269\" title=\"roulo-boulo-bus\" src=\"https:\/\/www.cjeiledemontreal.org\/wp-content\/uploads\/2024\/11\/roulo-boulo-bus-300x269.jpg\" alt class=\"img-responsive wp-image-1601\" srcset=\"https:\/\/www.cjeiledemontreal.org\/wp-content\/uploads\/2024\/11\/roulo-boulo-bus-200x179.jpg 200w, https:\/\/www.cjeiledemontreal.org\/wp-content\/uploads\/2024\/11\/roulo-boulo-bus-400x358.jpg 400w, https:\/\/www.cjeiledemontreal.org\/wp-content\/uploads\/2024\/11\/roulo-boulo-bus-600x537.jpg 600w, https:\/\/www.cjeiledemontreal.org\/wp-content\/uploads\/2024\/11\/roulo-boulo-bus.jpg 755w\" sizes=\"(max-width: 800px) 100vw, 200px\" \/><\/span><\/div><\/div><div class=\"fusion-clearfix\"><\/div><\/div><\/div><div class=\"fusion-layout-column fusion_builder_column_inner fusion-builder-nested-column-2 fusion_builder_column_inner_3_4 3_4 fusion-three-fourth fusion-column-last\" style=\"--awb-bg-size:cover;width:75%;width:calc(75% - ( ( 4% ) * 0.75 ) );\"><div class=\"fusion-column-wrapper fusion-column-has-shadow fusion-flex-column-wrapper-legacy\"><div class=\"fusion-text fusion-text-1 explicatif-activite\"><p>Every year, the CJEs pool their efforts to raise awareness of their services by visiting CEGEPs to meet college students.<\/p>\n<p><strong>Objectives<\/strong><\/p>\n<ul>\n<li>\u00a0Raise awareness of the full range of services offered, including Employment Assistance Services, Cr\u00e9neau and the Programme de soutien financier des carrefours jeunesse-emploi (PSCJE).<\/li>\n<li>Raise the profile of CJEs as solution providers and active partners in school retention, particularly for young people in C\u00c9GEPS and vocational training centers.<\/li>\n<li>Optimize recruitment of partners with regional clienteles, including Employment Assistance Services and other services.<\/li>\n<li>Increase opportunities to meet young people in need of CJE services.<\/li>\n<li>Combine our promotional efforts to avoid duplication with partners with regional clienteles.<\/li>\n<\/ul>\n<\/div><div class=\"fusion-clearfix\"><\/div><\/div><\/div><\/div><div class=\"fusion-sep-clear\"><\/div><div class=\"fusion-separator\" style=\"margin-left: auto;margin-right: auto;margin-top:70px;margin-bottom:120px;width:100%;max-width:40%;\"><div class=\"fusion-separator-border sep-single\" style=\"--awb-height:20px;--awb-amount:20px;--awb-sep-color:#c4221b;border-color:#c4221b;border-top-width:1px;\"><\/div><\/div><div class=\"fusion-sep-clear\"><\/div><div class=\"fusion-clearfix\"><\/div><\/div><\/div><\/div><\/div><div class=\"fusion-fullwidth fullwidth-box fusion-builder-row-3 nonhundred-percent-fullwidth non-hundred-percent-height-scrolling\" style=\"--awb-border-radius-top-left:0px;--awb-border-radius-top-right:0px;--awb-border-radius-bottom-right:0px;--awb-border-radius-bottom-left:0px;--awb-flex-wrap:wrap;\" ><div class=\"fusion-builder-row fusion-row\"><div class=\"fusion-layout-column fusion_builder_column fusion-builder-column-2 fusion_builder_column_1_1 1_1 fusion-one-full fusion-column-first fusion-column-last projet-activite\" style=\"--awb-bg-size:cover;\"><div class=\"fusion-column-wrapper fusion-column-has-shadow fusion-flex-column-wrapper-legacy\"><div class=\"fusion-title title fusion-title-4 fusion-title-center fusion-title-text fusion-title-size-two sous-titre-activite\" style=\"--awb-text-color:#c4221b;--awb-margin-top-small:0px;--awb-margin-right-small:0px;--awb-margin-bottom-small:20px;--awb-margin-left-small:0px;--awb-font-size:38px;\"><div class=\"title-sep-container title-sep-container-left\"><div class=\"title-sep sep- sep-solid\" style=\"border-color:#e0dede;\"><\/div><\/div><span class=\"awb-title-spacer\"><\/span><h2 class=\"fusion-title-heading title-heading-center fusion-responsive-typography-calculated\" style=\"margin:0;font-size:1em;--fontSize:38;line-height:1.1;\">Job fairs and exhibitions<\/h2><span class=\"awb-title-spacer\"><\/span><div class=\"title-sep-container title-sep-container-right\"><div class=\"title-sep sep- sep-solid\" style=\"border-color:#e0dede;\"><\/div><\/div><\/div><div class=\"fusion-sep-clear\"><\/div><div class=\"fusion-separator fusion-full-width-sep\" style=\"margin-left: auto;margin-right: auto;margin-top:10px;width:100%;\"><\/div><div class=\"fusion-sep-clear\"><\/div><div class=\"fusion-builder-row fusion-builder-row-inner fusion-row\"><div class=\"fusion-layout-column fusion_builder_column_inner fusion-builder-nested-column-3 fusion_builder_column_inner_1_6 1_6 fusion-one-sixth fusion-column-first\" style=\"--awb-bg-size:cover;width:16.666666666667%;width:calc(16.666666666667% - ( ( 4% + 4% ) * 0.16666666666667 ) );margin-right: 4%;\"><div class=\"fusion-column-wrapper fusion-column-has-shadow fusion-flex-column-wrapper-legacy\"><div class=\"fusion-clearfix\"><\/div><\/div><\/div><div class=\"fusion-layout-column fusion_builder_column_inner fusion-builder-nested-column-4 fusion_builder_column_inner_2_3 2_3 fusion-two-third\" style=\"--awb-padding-top:10px;--awb-bg-size:cover;width:66.666666666667%;width:calc(66.666666666667% - ( ( 4% + 4% ) * 0.66666666666667 ) );margin-right: 4%;\"><div class=\"fusion-column-wrapper fusion-column-has-shadow fusion-flex-column-wrapper-legacy\"><div class=\"fusion-text fusion-text-2 explicatif-activite\"><ul>\n<li>Dynamic locations<\/li>\n<li>Employment opportunities<\/li>\n<li>Privileged opportunities to meet<\/li>\n<li>Interviews with local employers<\/li>\n<li>Offered to young Montrealers aged 16 to 35<\/li>\n<\/ul>\n<\/div><div class=\"fusion-clearfix\"><\/div><\/div><\/div><div class=\"fusion-layout-column fusion_builder_column_inner fusion-builder-nested-column-5 fusion_builder_column_inner_1_6 1_6 fusion-one-sixth fusion-column-last\" style=\"--awb-bg-size:cover;width:16.666666666667%;width:calc(16.666666666667% - ( ( 4% + 4% ) * 0.16666666666667 ) );\"><div class=\"fusion-column-wrapper fusion-column-has-shadow fusion-flex-column-wrapper-legacy\"><div class=\"fusion-clearfix\"><\/div><\/div><\/div><\/div><div class=\"fusion-clearfix\"><\/div><\/div><\/div><\/div><\/div><div class=\"fusion-fullwidth fullwidth-box fusion-builder-row-4 nonhundred-percent-fullwidth non-hundred-percent-height-scrolling fusion-no-small-visibility\" style=\"--awb-background-position:center bottom;--awb-background-repeat:repeat-x;--awb-border-sizes-top:0px;--awb-border-sizes-bottom:0px;--awb-border-sizes-left:0px;--awb-border-sizes-right:0px;--awb-border-radius-top-left:0px;--awb-border-radius-top-right:0px;--awb-border-radius-bottom-right:0px;--awb-border-radius-bottom-left:0px;--awb-padding-top:80px;--awb-padding-right:20%;--awb-padding-bottom:20px;--awb-padding-left:20%;--awb-flex-wrap:wrap;\" ><div class=\"fusion-builder-row fusion-row\"><div class=\"fusion-layout-column fusion_builder_column fusion-builder-column-3 fusion_builder_column_1_3 1_3 fusion-one-third fusion-column-first fusion-animated\" style=\"--awb-padding-right:25%;--awb-padding-left:25%;--awb-bg-size:cover;\" data-animationType=\"slideInLeft\" data-animationDuration=\"0.8\" data-animationOffset=\"top-into-view\"><div class=\"fusion-column-wrapper fusion-column-has-shadow fusion-flex-column-wrapper-legacy\"><div class=\"fusion-image-element fusion-image-align-right in-legacy-container\" style=\"text-align:right;--awb-max-width:120px;--awb-caption-title-font-family:var(--h2_typography-font-family);--awb-caption-title-font-weight:var(--h2_typography-font-weight);--awb-caption-title-font-style:var(--h2_typography-font-style);--awb-caption-title-size:var(--h2_typography-font-size);--awb-caption-title-transform:var(--h2_typography-text-transform);--awb-caption-title-line-height:var(--h2_typography-line-height);--awb-caption-title-letter-spacing:var(--h2_typography-letter-spacing);\"><span class=\" fusion-imageframe imageframe-none imageframe-3 hover-type-none\" style=\"margin-left:25px;float:right;\"><a class=\"fusion-no-lightbox\" href=\"https:\/\/www.cjeiledemontreal.org\/en\/contact\/#carte\" target=\"_self\" aria-label=\"icone-cje-quartier-rouge-min\"><img decoding=\"async\" width=\"146\" height=\"144\" src=\"https:\/\/www.cjeiledemontreal.org\/wp-content\/uploads\/2020\/06\/icone-cje-quartier-rouge-min.png\" alt class=\"img-responsive wp-image-1176\" srcset=\"https:\/\/www.cjeiledemontreal.org\/wp-content\/uploads\/2020\/06\/icone-cje-quartier-rouge-min-66x66.png 66w, https:\/\/www.cjeiledemontreal.org\/wp-content\/uploads\/2020\/06\/icone-cje-quartier-rouge-min.png 146w\" sizes=\"(max-width: 146px) 100vw, 146px\" \/><\/a><\/span><\/div><div class=\"fusion-clearfix\"><\/div><\/div><\/div><div class=\"fusion-layout-column fusion_builder_column fusion-builder-column-4 fusion_builder_column_2_3 2_3 fusion-two-third fusion-column-last fusion-animated\" style=\"--awb-bg-size:cover;--awb-margin-top:30px;--awb-margin-bottom:0px;\" data-animationType=\"slideInRight\" data-animationDuration=\"0.5\" data-animationOffset=\"top-into-view\"><div class=\"fusion-column-wrapper fusion-column-has-shadow fusion-flex-column-wrapper-legacy\"><div class=\"fusion-title title fusion-title-5 fusion-sep-none fusion-title-text fusion-title-size-two titre-bas-page\" style=\"--awb-margin-bottom:0px;--awb-margin-top-small:0px;--awb-margin-right-small:0px;--awb-margin-bottom-small:20px;--awb-margin-left-small:0px;\"><h2 class=\"fusion-title-heading title-heading-left fusion-responsive-typography-calculated\" style=\"margin:0;--fontSize:33;line-height:1.1;\"><span style=\"color: #c4221b;\">Le CJE de votre quartier<\/span><\/h2><\/div><div class=\"fusion-text fusion-text-3 lien-endroit\"><p><span style=\"color: #484848; font-size: 18px;\"><a href=\"https:\/\/www.cjeiledemontreal.org\/nous-joindre\/#carte\">l\u2019endroit id\u00e9al<\/a> pour exp\u00e9rimenter le succ\u00e8s.<\/span><\/p>\n<\/div><div class=\"fusion-clearfix\"><\/div><\/div><\/div><\/div><\/div><div class=\"fusion-fullwidth fullwidth-box fusion-builder-row-5 nonhundred-percent-fullwidth non-hundred-percent-height-scrolling fusion-no-medium-visibility fusion-no-large-visibility\" style=\"--awb-background-position:center bottom;--awb-background-repeat:repeat-x;--awb-border-sizes-top:0px;--awb-border-sizes-bottom:0px;--awb-border-sizes-left:0px;--awb-border-sizes-right:0px;--awb-border-radius-top-left:0px;--awb-border-radius-top-right:0px;--awb-border-radius-bottom-right:0px;--awb-border-radius-bottom-left:0px;--awb-padding-top:80px;--awb-padding-right:20%;--awb-padding-bottom:20px;--awb-padding-left:20%;--awb-flex-wrap:wrap;\" ><div class=\"fusion-builder-row fusion-row\"><div class=\"fusion-layout-column fusion_builder_column fusion-builder-column-5 fusion_builder_column_1_3 1_3 fusion-one-third fusion-column-first fusion-animated\" style=\"--awb-padding-right:25%;--awb-padding-left:25%;--awb-bg-size:cover;\" data-animationType=\"slideInLeft\" data-animationDuration=\"0.8\" data-animationOffset=\"top-into-view\"><div class=\"fusion-column-wrapper fusion-column-has-shadow fusion-flex-column-wrapper-legacy\"><div class=\"fusion-image-element fusion-image-align-right in-legacy-container\" style=\"text-align:right;--awb-max-width:120px;--awb-caption-title-font-family:var(--h2_typography-font-family);--awb-caption-title-font-weight:var(--h2_typography-font-weight);--awb-caption-title-font-style:var(--h2_typography-font-style);--awb-caption-title-size:var(--h2_typography-font-size);--awb-caption-title-transform:var(--h2_typography-text-transform);--awb-caption-title-line-height:var(--h2_typography-line-height);--awb-caption-title-letter-spacing:var(--h2_typography-letter-spacing);\"><span class=\" fusion-imageframe imageframe-none imageframe-4 hover-type-none\" style=\"margin-left:25px;float:right;\"><a class=\"fusion-no-lightbox\" href=\"https:\/\/www.cjeiledemontreal.org\/en\/contact\/#carte\" target=\"_self\" aria-label=\"icone-cje-quartier-rouge-min\"><img decoding=\"async\" width=\"146\" height=\"144\" src=\"https:\/\/www.cjeiledemontreal.org\/wp-content\/uploads\/2020\/06\/icone-cje-quartier-rouge-min.png\" alt class=\"img-responsive wp-image-1176\" srcset=\"https:\/\/www.cjeiledemontreal.org\/wp-content\/uploads\/2020\/06\/icone-cje-quartier-rouge-min-66x66.png 66w, https:\/\/www.cjeiledemontreal.org\/wp-content\/uploads\/2020\/06\/icone-cje-quartier-rouge-min.png 146w\" sizes=\"(max-width: 146px) 100vw, 146px\" \/><\/a><\/span><\/div><div class=\"fusion-clearfix\"><\/div><\/div><\/div><div class=\"fusion-layout-column fusion_builder_column fusion-builder-column-6 fusion_builder_column_2_3 2_3 fusion-two-third fusion-column-last fusion-animated\" style=\"--awb-bg-size:cover;--awb-margin-top:30px;--awb-margin-bottom:0px;\" data-animationType=\"slideInRight\" data-animationDuration=\"0.5\" data-animationOffset=\"top-into-view\"><div class=\"fusion-column-wrapper fusion-column-has-shadow fusion-flex-column-wrapper-legacy\"><div class=\"fusion-title title fusion-title-6 fusion-sep-none fusion-title-text fusion-title-size-two titre-bas-page\" style=\"--awb-margin-bottom:0px;--awb-margin-top-small:0px;--awb-margin-right-small:0px;--awb-margin-bottom-small:20px;--awb-margin-left-small:0px;\"><h2 class=\"fusion-title-heading title-heading-left fusion-responsive-typography-calculated\" style=\"margin:0;--fontSize:33;line-height:1.1;\"><span style=\"color: #c4221b;\">Le CJE de votre quartier<\/span><\/h2><\/div><div class=\"fusion-text fusion-text-4 lien-endroit\"><p><span style=\"color: #484848; font-size: 18px;\"><a href=\"https:\/\/www.cjeiledemontreal.org\/nous-joindre\/#liste-mobile\">l\u2019endroit id\u00e9al<\/a> pour exp\u00e9rimenter le succ\u00e8s.<\/span><\/p>\n<\/div><div class=\"fusion-clearfix\"><\/div><\/div><\/div><\/div><\/div><\/p>\n","protected":false},"excerpt":{"rendered":"","protected":false},"author":1,"featured_media":0,"parent":0,"menu_order":0,"comment_status":"closed","ping_status":"closed","template":"100-width.php","meta":{"footnotes":""},"class_list":["post-1224","page","type-page","status-publish","hentry"],"yoast_head":"<!-- This site is optimized with the Yoast SEO plugin v27.5 - https:\/\/yoast.com\/product\/yoast-seo-wordpress\/ -->\n<title>Activities - CJE de l&#039;\u00eele de Montr\u00e9al<\/title>\n<meta name=\"robots\" content=\"index, follow, max-snippet:-1, max-image-preview:large, max-video-preview:-1\" \/>\n<link rel=\"canonical\" href=\"https:\/\/www.cjeiledemontreal.org\/en\/activities\/\" \/>\n<meta property=\"og:locale\" content=\"en_US\" \/>\n<meta property=\"og:type\" content=\"article\" \/>\n<meta property=\"og:title\" content=\"Activities - CJE de l&#039;\u00eele de Montr\u00e9al\" \/>\n<meta property=\"og:url\" content=\"https:\/\/www.cjeiledemontreal.org\/en\/activities\/\" \/>\n<meta property=\"og:site_name\" content=\"CJE de l&#039;\u00eele de Montr\u00e9al\" \/>\n<meta property=\"article:publisher\" content=\"https:\/\/www.facebook.com\/CJEmontreal\/\" \/>\n<meta property=\"article:modified_time\" content=\"2024-12-05T16:38:55+00:00\" \/>\n<meta name=\"twitter:card\" content=\"summary_large_image\" \/>\n<script type=\"application\/ld+json\" class=\"yoast-schema-graph\">{\"@context\":\"https:\\\/\\\/schema.org\",\"@graph\":[{\"@type\":\"WebPage\",\"@id\":\"https:\\\/\\\/www.cjeiledemontreal.org\\\/en\\\/activities\\\/\",\"url\":\"https:\\\/\\\/www.cjeiledemontreal.org\\\/en\\\/activities\\\/\",\"name\":\"Activities - CJE de l&#039;\u00eele de Montr\u00e9al\",\"isPartOf\":{\"@id\":\"https:\\\/\\\/www.cjeiledemontreal.org\\\/#website\"},\"datePublished\":\"2020-06-07T16:21:13+00:00\",\"dateModified\":\"2024-12-05T16:38:55+00:00\",\"breadcrumb\":{\"@id\":\"https:\\\/\\\/www.cjeiledemontreal.org\\\/en\\\/activities\\\/#breadcrumb\"},\"inLanguage\":\"en-US\",\"potentialAction\":[{\"@type\":\"ReadAction\",\"target\":[\"https:\\\/\\\/www.cjeiledemontreal.org\\\/en\\\/activities\\\/\"]}]},{\"@type\":\"BreadcrumbList\",\"@id\":\"https:\\\/\\\/www.cjeiledemontreal.org\\\/en\\\/activities\\\/#breadcrumb\",\"itemListElement\":[{\"@type\":\"ListItem\",\"position\":1,\"name\":\"Accueil\",\"item\":\"https:\\\/\\\/www.cjeiledemontreal.org\\\/en\\\/\"},{\"@type\":\"ListItem\",\"position\":2,\"name\":\"Activities\"}]},{\"@type\":\"WebSite\",\"@id\":\"https:\\\/\\\/www.cjeiledemontreal.org\\\/#website\",\"url\":\"https:\\\/\\\/www.cjeiledemontreal.org\\\/\",\"name\":\"CJE de \u00eele de Montr\u00e9al\",\"description\":\"Accueillent tous les jeunes de 16 \u00e0 35 ans\",\"publisher\":{\"@id\":\"https:\\\/\\\/www.cjeiledemontreal.org\\\/#organization\"},\"potentialAction\":[{\"@type\":\"SearchAction\",\"target\":{\"@type\":\"EntryPoint\",\"urlTemplate\":\"https:\\\/\\\/www.cjeiledemontreal.org\\\/?s={search_term_string}\"},\"query-input\":{\"@type\":\"PropertyValueSpecification\",\"valueRequired\":true,\"valueName\":\"search_term_string\"}}],\"inLanguage\":\"en-US\"},{\"@type\":\"Organization\",\"@id\":\"https:\\\/\\\/www.cjeiledemontreal.org\\\/#organization\",\"name\":\"CJE de \u00eele de Montr\u00e9al\",\"url\":\"https:\\\/\\\/www.cjeiledemontreal.org\\\/\",\"logo\":{\"@type\":\"ImageObject\",\"inLanguage\":\"en-US\",\"@id\":\"https:\\\/\\\/www.cjeiledemontreal.org\\\/#\\\/schema\\\/logo\\\/image\\\/\",\"url\":\"https:\\\/\\\/www.cjeiledemontreal.org\\\/wp-content\\\/uploads\\\/2020\\\/06\\\/logo-cje-ile-de-montreal.png\",\"contentUrl\":\"https:\\\/\\\/www.cjeiledemontreal.org\\\/wp-content\\\/uploads\\\/2020\\\/06\\\/logo-cje-ile-de-montreal.png\",\"width\":200,\"height\":117,\"caption\":\"CJE de \u00eele de Montr\u00e9al\"},\"image\":{\"@id\":\"https:\\\/\\\/www.cjeiledemontreal.org\\\/#\\\/schema\\\/logo\\\/image\\\/\"},\"sameAs\":[\"https:\\\/\\\/www.facebook.com\\\/CJEmontreal\\\/\",\"https:\\\/\\\/www.instagram.com\\\/cjemontreal\\\/\"]}]}<\/script>\n<!-- \/ Yoast SEO plugin. -->","yoast_head_json":{"title":"Activities - CJE de l&#039;\u00eele de Montr\u00e9al","robots":{"index":"index","follow":"follow","max-snippet":"max-snippet:-1","max-image-preview":"max-image-preview:large","max-video-preview":"max-video-preview:-1"},"canonical":"https:\/\/www.cjeiledemontreal.org\/en\/activities\/","og_locale":"en_US","og_type":"article","og_title":"Activities - CJE de l&#039;\u00eele de Montr\u00e9al","og_url":"https:\/\/www.cjeiledemontreal.org\/en\/activities\/","og_site_name":"CJE de l&#039;\u00eele de Montr\u00e9al","article_publisher":"https:\/\/www.facebook.com\/CJEmontreal\/","article_modified_time":"2024-12-05T16:38:55+00:00","twitter_card":"summary_large_image","schema":{"@context":"https:\/\/schema.org","@graph":[{"@type":"WebPage","@id":"https:\/\/www.cjeiledemontreal.org\/en\/activities\/","url":"https:\/\/www.cjeiledemontreal.org\/en\/activities\/","name":"Activities - CJE de l&#039;\u00eele de Montr\u00e9al","isPartOf":{"@id":"https:\/\/www.cjeiledemontreal.org\/#website"},"datePublished":"2020-06-07T16:21:13+00:00","dateModified":"2024-12-05T16:38:55+00:00","breadcrumb":{"@id":"https:\/\/www.cjeiledemontreal.org\/en\/activities\/#breadcrumb"},"inLanguage":"en-US","potentialAction":[{"@type":"ReadAction","target":["https:\/\/www.cjeiledemontreal.org\/en\/activities\/"]}]},{"@type":"BreadcrumbList","@id":"https:\/\/www.cjeiledemontreal.org\/en\/activities\/#breadcrumb","itemListElement":[{"@type":"ListItem","position":1,"name":"Accueil","item":"https:\/\/www.cjeiledemontreal.org\/en\/"},{"@type":"ListItem","position":2,"name":"Activities"}]},{"@type":"WebSite","@id":"https:\/\/www.cjeiledemontreal.org\/#website","url":"https:\/\/www.cjeiledemontreal.org\/","name":"CJE de \u00eele de Montr\u00e9al","description":"Accueillent tous les jeunes de 16 \u00e0 35 ans","publisher":{"@id":"https:\/\/www.cjeiledemontreal.org\/#organization"},"potentialAction":[{"@type":"SearchAction","target":{"@type":"EntryPoint","urlTemplate":"https:\/\/www.cjeiledemontreal.org\/?s={search_term_string}"},"query-input":{"@type":"PropertyValueSpecification","valueRequired":true,"valueName":"search_term_string"}}],"inLanguage":"en-US"},{"@type":"Organization","@id":"https:\/\/www.cjeiledemontreal.org\/#organization","name":"CJE de \u00eele de Montr\u00e9al","url":"https:\/\/www.cjeiledemontreal.org\/","logo":{"@type":"ImageObject","inLanguage":"en-US","@id":"https:\/\/www.cjeiledemontreal.org\/#\/schema\/logo\/image\/","url":"https:\/\/www.cjeiledemontreal.org\/wp-content\/uploads\/2020\/06\/logo-cje-ile-de-montreal.png","contentUrl":"https:\/\/www.cjeiledemontreal.org\/wp-content\/uploads\/2020\/06\/logo-cje-ile-de-montreal.png","width":200,"height":117,"caption":"CJE de \u00eele de Montr\u00e9al"},"image":{"@id":"https:\/\/www.cjeiledemontreal.org\/#\/schema\/logo\/image\/"},"sameAs":["https:\/\/www.facebook.com\/CJEmontreal\/","https:\/\/www.instagram.com\/cjemontreal\/"]}]}},"_links":{"self":[{"href":"https:\/\/www.cjeiledemontreal.org\/en\/wp-json\/wp\/v2\/pages\/1224","targetHints":{"allow":["GET"]}}],"collection":[{"href":"https:\/\/www.cjeiledemontreal.org\/en\/wp-json\/wp\/v2\/pages"}],"about":[{"href":"https:\/\/www.cjeiledemontreal.org\/en\/wp-json\/wp\/v2\/types\/page"}],"author":[{"embeddable":true,"href":"https:\/\/www.cjeiledemontreal.org\/en\/wp-json\/wp\/v2\/users\/1"}],"replies":[{"embeddable":true,"href":"https:\/\/www.cjeiledemontreal.org\/en\/wp-json\/wp\/v2\/comments?post=1224"}],"version-history":[{"count":5,"href":"https:\/\/www.cjeiledemontreal.org\/en\/wp-json\/wp\/v2\/pages\/1224\/revisions"}],"predecessor-version":[{"id":1698,"href":"https:\/\/www.cjeiledemontreal.org\/en\/wp-json\/wp\/v2\/pages\/1224\/revisions\/1698"}],"wp:attachment":[{"href":"https:\/\/www.cjeiledemontreal.org\/en\/wp-json\/wp\/v2\/media?parent=1224"}],"curies":[{"name":"wp","href":"https:\/\/api.w.org\/{rel}","templated":true}]}}