{"id":1216,"date":"2020-06-28T14:21:48","date_gmt":"2020-06-28T18:21:48","guid":{"rendered":"https:\/\/www.cjeiledemontreal.org\/services-gratuits\/"},"modified":"2021-07-15T16:25:15","modified_gmt":"2021-07-15T20:25:15","slug":"free-services","status":"publish","type":"page","link":"https:\/\/www.cjeiledemontreal.org\/en\/free-services\/","title":{"rendered":"Services"},"content":{"rendered":"<p><div class=\"fusion-fullwidth fullwidth-box fusion-builder-row-1 fusion-parallax-none nonhundred-percent-fullwidth non-hundred-percent-height-scrolling\" style=\"--awb-background-position:center bottom;--awb-background-repeat:repeat-x;--awb-border-sizes-top:0px;--awb-border-sizes-bottom:0px;--awb-border-sizes-left:0px;--awb-border-sizes-right:0px;--awb-border-radius-top-left:0px;--awb-border-radius-top-right:0px;--awb-border-radius-bottom-right:0px;--awb-border-radius-bottom-left:0px;--awb-padding-top:130px;--awb-padding-bottom:40px;--awb-background-color:#484848;--awb-background-image:url(&quot;https:\/\/www.cjeiledemontreal.org\/wp-content\/uploads\/2020\/06\/bg-services-bas-min-scaled.jpg&quot;);--awb-flex-wrap:wrap;\" ><div class=\"fusion-builder-row fusion-row\"><div class=\"fusion-layout-column fusion_builder_column fusion-builder-column-0 fusion_builder_column_1_1 1_1 fusion-one-full fusion-column-first fusion-column-last fusion-column-no-min-height\" style=\"--awb-bg-size:cover;--awb-margin-bottom:0px;\"><div class=\"fusion-column-wrapper fusion-column-has-shadow fusion-flex-column-wrapper-legacy\"><div class=\"fusion-title title fusion-title-1 fusion-sep-none fusion-title-center fusion-title-text fusion-title-size-one\" style=\"--awb-margin-bottom:20px;--awb-margin-top-small:0px;--awb-margin-right-small:0px;--awb-margin-bottom-small:20px;--awb-margin-left-small:0px;\"><h1 class=\"fusion-title-heading title-heading-center fusion-responsive-typography-calculated\" style=\"margin:0;--fontSize:40;line-height:1.1;\"><span style=\"color: #ffffff;\">SERVICES OFFERED AT ALL <span style=\"color: #ffcb00; font-weight: 900;\">CJEs<\/span> OF THE ISLAND MONTREAL<\/span><\/h1><\/div><div class=\"fusion-sep-clear\"><\/div><div class=\"fusion-separator\" style=\"margin-left: auto;margin-right: auto;margin-top:30px;margin-bottom:60px;width:100%;max-width:40%;\"><div class=\"fusion-separator-border sep-single\" style=\"--awb-height:20px;--awb-amount:20px;--awb-sep-color:#ffcb00;border-color:#ffcb00;border-top-width:1px;\"><\/div><\/div><div class=\"fusion-sep-clear\"><\/div><div class=\"fusion-sep-clear\"><\/div><div class=\"fusion-separator fusion-full-width-sep\" style=\"margin-left: auto;margin-right: auto;margin-bottom:50px;width:100%;\"><\/div><div class=\"fusion-sep-clear\"><\/div><div class=\"fusion-clearfix\"><\/div><\/div><\/div><div class=\"fusion-layout-column fusion_builder_column fusion-builder-column-1 fusion_builder_column_1_4 1_4 fusion-one-fourth fusion-column-first\" style=\"--awb-bg-size:cover;width:22%; margin-right: 4%;\" id=\"col-service-accueil\"><div class=\"fusion-column-wrapper fusion-column-has-shadow fusion-flex-column-wrapper-legacy\"><div class=\"fusion-content-boxes content-boxes columns row fusion-columns-1 fusion-columns-total-1 fusion-content-boxes-1 content-boxes-clean-vertical content-left content-boxes-icon-on-top boite-services-accueil\" style=\"--awb-backgroundcolor:#619e85;--awb-title-color:#2a5342;--awb-hover-accent-color:#2a5342;--awb-circle-hover-accent-color:#2a5342;--awb-item-margin-bottom:40px;\" data-animationOffset=\"top-into-view\"><div style=\"--awb-backgroundcolor:rgba(255,255,255,0);border-color:rgba(255,255,255,0);\" class=\"fusion-column content-box-column content-box-column content-box-column-1 col-lg-12 col-md-12 col-sm-12 fusion-content-box-hover content-box-column-last content-box-column-last-in-row\"><div class=\"col content-box-wrapper content-wrapper link-area-link-icon icon-hover-animation-slide fusion-animated\" data-animationType=\"slideInUp\" data-animationDuration=\"0.6\" data-animationOffset=\"top-into-view\"><div class=\"heading heading-with-icon icon-left\"><div aria-hidden=\"true\" class=\"image\"><img decoding=\"async\" src=\"https:\/\/www.cjeiledemontreal.org\/wp-content\/uploads\/2020\/06\/recherche-emploi.png\" width=\"135\" height=\"135\" alt=\"\" \/><\/div><h2 class=\"content-box-heading fusion-responsive-typography-calculated\" style=\"--h2_typography-font-size:22px;--fontSize:22;line-height:1.1;\">EMPLOYMENT<\/h2><\/div><div class=\"fusion-clearfix\"><\/div><div class=\"content-container\">\n<ul>\n<li>Personalized support<\/li>\n<li>Research<\/li>\n<li>Resume<\/li>\n<li>Interview<\/li>\n<\/ul>\n<\/div><\/div><\/div><div class=\"fusion-clearfix\"><\/div><\/div><div class=\"fusion-clearfix\"><\/div><\/div><\/div><div class=\"fusion-layout-column fusion_builder_column fusion-builder-column-2 fusion_builder_column_1_4 1_4 fusion-one-fourth col-service-accueil\" style=\"--awb-bg-size:cover;width:22%; margin-right: 4%;\"><div class=\"fusion-column-wrapper fusion-column-has-shadow fusion-flex-column-wrapper-legacy\"><div class=\"fusion-content-boxes content-boxes columns row fusion-columns-1 fusion-columns-total-1 fusion-content-boxes-2 content-boxes-clean-vertical content-left content-boxes-icon-on-top boite-services-accueil\" style=\"--awb-backgroundcolor:#77b49b;--awb-title-color:#2a5342;--awb-hover-accent-color:#2a5342;--awb-circle-hover-accent-color:#2a5342;--awb-item-margin-bottom:40px;\" data-animationOffset=\"top-into-view\"><div style=\"--awb-backgroundcolor:rgba(255,255,255,0);border-color:rgba(255,255,255,0);\" class=\"fusion-column content-box-column content-box-column content-box-column-1 col-lg-12 col-md-12 col-sm-12 fusion-content-box-hover content-box-column-last content-box-column-last-in-row\"><div class=\"col content-box-wrapper content-wrapper link-area-link-icon icon-hover-animation-slide fusion-animated\" data-animationType=\"slideInUp\" data-animationDuration=\"0.6\" data-animationOffset=\"top-into-view\"><div class=\"heading heading-with-icon icon-left\"><div aria-hidden=\"true\" class=\"image\"><img decoding=\"async\" src=\"https:\/\/www.cjeiledemontreal.org\/wp-content\/uploads\/2020\/05\/icones-services-cje-jaune-etude.png\" width=\"135\" height=\"135\" alt=\"\" \/><\/div><h2 class=\"content-box-heading fusion-responsive-typography-calculated\" style=\"--h2_typography-font-size:22px;--fontSize:22;line-height:1.1;\">EDUCATION\/TRAINING<\/h2><\/div><div class=\"fusion-clearfix\"><\/div><div class=\"content-container\">\n<ul>\n<li>Educational and professional information<\/li>\n<li>Back to school<\/li>\n<li>Career choice<\/li>\n<\/ul>\n<\/div><\/div><\/div><div class=\"fusion-clearfix\"><\/div><\/div><div class=\"fusion-clearfix\"><\/div><\/div><\/div><div class=\"fusion-layout-column fusion_builder_column fusion-builder-column-3 fusion_builder_column_1_4 1_4 fusion-one-fourth col-service-accueil\" style=\"--awb-bg-size:cover;width:22%; margin-right: 4%;\"><div class=\"fusion-column-wrapper fusion-column-has-shadow fusion-flex-column-wrapper-legacy\"><div class=\"fusion-content-boxes content-boxes columns row fusion-columns-1 fusion-columns-total-1 fusion-content-boxes-3 content-boxes-clean-vertical content-left content-boxes-icon-on-top boite-services-accueil\" style=\"--awb-backgroundcolor:#619e85;--awb-title-color:#2a5342;--awb-hover-accent-color:#2a5342;--awb-circle-hover-accent-color:#2a5342;--awb-item-margin-bottom:40px;\" data-animationOffset=\"top-into-view\"><div style=\"--awb-backgroundcolor:rgba(255,255,255,0);border-color:rgba(255,255,255,0);\" class=\"fusion-column content-box-column content-box-column content-box-column-1 col-lg-12 col-md-12 col-sm-12 fusion-content-box-hover content-box-column-last content-box-column-last-in-row\"><div class=\"col content-box-wrapper content-wrapper link-area-link-icon icon-hover-animation-slide fusion-animated\" data-animationType=\"slideInUp\" data-animationDuration=\"0.8\" data-animationOffset=\"top-into-view\"><div class=\"heading heading-with-icon icon-left\"><div aria-hidden=\"true\" class=\"image\"><img decoding=\"async\" src=\"https:\/\/www.cjeiledemontreal.org\/wp-content\/uploads\/2020\/06\/entrepreneuriat.png\" width=\"135\" height=\"135\" alt=\"\" \/><\/div><h2 class=\"content-box-heading fusion-responsive-typography-calculated\" style=\"--h2_typography-font-size:22px;--fontSize:22;line-height:1.1;\">ENTREPRENEURSHIP<\/h2><\/div><div class=\"fusion-clearfix\"><\/div><div class=\"content-container\">\n<ul>\n<li>Idea Creation<\/li>\n<li>Awareness<\/li>\n<li>Projects<\/li>\n<\/ul>\n<\/div><\/div><\/div><div class=\"fusion-clearfix\"><\/div><\/div><div class=\"fusion-clearfix\"><\/div><\/div><\/div><div class=\"fusion-layout-column fusion_builder_column fusion-builder-column-4 fusion_builder_column_1_4 1_4 fusion-one-fourth fusion-column-last col-service-accueil\" style=\"--awb-bg-size:cover;width:22%;\"><div class=\"fusion-column-wrapper fusion-column-has-shadow fusion-flex-column-wrapper-legacy\"><div class=\"fusion-content-boxes content-boxes columns row fusion-columns-1 fusion-columns-total-1 fusion-content-boxes-4 content-boxes-clean-vertical content-left content-boxes-icon-on-top boite-services-accueil\" style=\"--awb-backgroundcolor:#619e85;--awb-title-color:#2a5342;--awb-hover-accent-color:#2a5342;--awb-circle-hover-accent-color:#2a5342;--awb-item-margin-bottom:40px;\" data-animationOffset=\"top-into-view\"><div style=\"--awb-backgroundcolor:rgba(255,255,255,0);border-color:rgba(255,255,255,0);\" class=\"fusion-column content-box-column content-box-column content-box-column-1 col-lg-12 col-md-12 col-sm-12 fusion-content-box-hover content-box-column-last content-box-column-last-in-row\"><div class=\"col content-box-wrapper content-wrapper link-area-link-icon icon-hover-animation-slide fusion-animated\" data-animationType=\"slideInUp\" data-animationDuration=\"0.8\" data-animationOffset=\"top-into-view\"><div class=\"heading heading-with-icon icon-left\"><div aria-hidden=\"true\" class=\"image\"><img decoding=\"async\" src=\"https:\/\/www.cjeiledemontreal.org\/wp-content\/uploads\/2020\/06\/engagement-social.png\" width=\"135\" height=\"135\" alt=\"\" \/><\/div><h2 class=\"content-box-heading fusion-responsive-typography-calculated\" style=\"--h2_typography-font-size:22px;--fontSize:22;line-height:1.1;\">COMMUNITY ENGAGEMENT <\/h2><\/div><div class=\"fusion-clearfix\"><\/div><div class=\"content-container\">\n<ul>\n<li>Civic participation<\/li>\n<li>Individual and collaborative projects<\/li>\n<\/ul>\n<\/div><\/div><\/div><div class=\"fusion-clearfix\"><\/div><\/div><div class=\"fusion-clearfix\"><\/div><\/div><\/div><div class=\"fusion-layout-column fusion_builder_column fusion-builder-column-5 fusion_builder_column_1_1 1_1 fusion-one-full fusion-column-first fusion-column-last fusion-column-no-min-height\" style=\"--awb-bg-size:cover;--awb-margin-bottom:0px;\"><div class=\"fusion-column-wrapper fusion-column-has-shadow fusion-flex-column-wrapper-legacy\"><div class=\"fusion-title title fusion-title-2 fusion-sep-none fusion-title-center fusion-title-text fusion-title-size-four sous-titre-services\" style=\"--awb-margin-bottom:20px;--awb-margin-top-small:0px;--awb-margin-right-small:0px;--awb-margin-bottom-small:20px;--awb-margin-left-small:0px;\"><h4 class=\"fusion-title-heading title-heading-center fusion-responsive-typography-calculated\" style=\"margin:0;--fontSize:19;--minFontSize:19;line-height:1.15;\">Free and available to people aged 16 to 35<\/h4><\/div><div class=\"fusion-sep-clear\"><\/div><div class=\"fusion-separator fusion-full-width-sep\" style=\"margin-left: auto;margin-right: auto;margin-bottom:70px;width:100%;\"><\/div><div class=\"fusion-sep-clear\"><\/div><div class=\"fusion-clearfix\"><\/div><\/div><\/div><\/div><\/div><div class=\"fusion-fullwidth fullwidth-box fusion-builder-row-2 nonhundred-percent-fullwidth non-hundred-percent-height-scrolling\" style=\"--awb-background-position:center bottom;--awb-background-repeat:repeat-x;--awb-border-sizes-top:0px;--awb-border-sizes-bottom:0px;--awb-border-sizes-left:0px;--awb-border-sizes-right:0px;--awb-border-radius-top-left:0px;--awb-border-radius-top-right:0px;--awb-border-radius-bottom-right:0px;--awb-border-radius-bottom-left:0px;--awb-padding-top:45px;--awb-padding-right:20%;--awb-padding-bottom:20px;--awb-padding-left:20%;--awb-flex-wrap:wrap;\" ><div class=\"fusion-builder-row fusion-row\"><div class=\"fusion-layout-column fusion_builder_column fusion-builder-column-6 fusion_builder_column_1_3 1_3 fusion-one-third fusion-column-first fusion-animated\" style=\"--awb-padding-right:25%;--awb-padding-left:25%;--awb-bg-size:cover;\" data-animationType=\"slideInLeft\" data-animationDuration=\"0.8\" data-animationOffset=\"top-into-view\"><div class=\"fusion-column-wrapper fusion-column-has-shadow fusion-flex-column-wrapper-legacy\"><div class=\"fusion-image-element fusion-image-align-right in-legacy-container\" style=\"text-align:right;--awb-max-width:120px;--awb-caption-title-font-family:var(--h2_typography-font-family);--awb-caption-title-font-weight:var(--h2_typography-font-weight);--awb-caption-title-font-style:var(--h2_typography-font-style);--awb-caption-title-size:var(--h2_typography-font-size);--awb-caption-title-transform:var(--h2_typography-text-transform);--awb-caption-title-line-height:var(--h2_typography-line-height);--awb-caption-title-letter-spacing:var(--h2_typography-letter-spacing);\"><span class=\" fusion-imageframe imageframe-none imageframe-1 hover-type-none\" style=\"margin-left:25px;float:right;\"><a class=\"fusion-no-lightbox\" href=\"https:\/\/www.cjeiledemontreal.org\/en\/contact\/#map\" target=\"_self\" aria-label=\"icone-cje-quartier-jaune-min\"><img decoding=\"async\" width=\"146\" height=\"144\" src=\"https:\/\/www.cjeiledemontreal.org\/wp-content\/uploads\/2020\/06\/icone-cje-quartier-jaune-min.png\" alt class=\"img-responsive wp-image-1175\" srcset=\"https:\/\/www.cjeiledemontreal.org\/wp-content\/uploads\/2020\/06\/icone-cje-quartier-jaune-min-66x66.png 66w, https:\/\/www.cjeiledemontreal.org\/wp-content\/uploads\/2020\/06\/icone-cje-quartier-jaune-min.png 146w\" sizes=\"(max-width: 146px) 100vw, 146px\" \/><\/a><\/span><\/div><div class=\"fusion-clearfix\"><\/div><\/div><\/div><div class=\"fusion-layout-column fusion_builder_column fusion-builder-column-7 fusion_builder_column_2_3 2_3 fusion-two-third fusion-column-last fusion-animated\" style=\"--awb-bg-size:cover;--awb-margin-top:30px;--awb-margin-bottom:0px;\" data-animationType=\"slideInRight\" data-animationDuration=\"0.5\" data-animationOffset=\"top-into-view\"><div class=\"fusion-column-wrapper fusion-column-has-shadow fusion-flex-column-wrapper-legacy\"><div class=\"fusion-title title fusion-title-3 fusion-sep-none fusion-title-text fusion-title-size-two titre-bas-page\" style=\"--awb-margin-bottom:0px;--awb-margin-top-small:0px;--awb-margin-right-small:0px;--awb-margin-bottom-small:20px;--awb-margin-left-small:0px;\"><h2 class=\"fusion-title-heading title-heading-left fusion-responsive-typography-calculated\" style=\"margin:0;--fontSize:33;line-height:1.1;\"><span style=\"color: #ffcb00;\">Your local CJE<\/span><\/h2><\/div><div class=\"fusion-text fusion-text-1 lien-endroit\"><p><span style=\"color: #484848; font-size: 18px;\"><a href=\"https:\/\/www.cjeiledemontreal.org\/en\/contact\/#map\">The perfect place<\/a> to find professional help for all needs.<\/span><\/p>\n<\/div><div class=\"fusion-clearfix\"><\/div><\/div><\/div><\/div><\/div><\/p>\n","protected":false},"excerpt":{"rendered":"","protected":false},"author":1,"featured_media":0,"parent":0,"menu_order":0,"comment_status":"closed","ping_status":"closed","template":"100-width.php","meta":{"footnotes":""},"class_list":["post-1216","page","type-page","status-publish","hentry"],"yoast_head":"<!-- This site is optimized with the Yoast SEO plugin v27.5 - https:\/\/yoast.com\/product\/yoast-seo-wordpress\/ -->\n<title>Services - CJE de l&#039;\u00eele de Montr\u00e9al<\/title>\n<meta name=\"robots\" content=\"index, follow, max-snippet:-1, max-image-preview:large, max-video-preview:-1\" \/>\n<link rel=\"canonical\" href=\"https:\/\/www.cjeiledemontreal.org\/en\/free-services\/\" \/>\n<meta property=\"og:locale\" content=\"en_US\" \/>\n<meta property=\"og:type\" content=\"article\" \/>\n<meta property=\"og:title\" content=\"Services - CJE de l&#039;\u00eele de Montr\u00e9al\" \/>\n<meta property=\"og:url\" content=\"https:\/\/www.cjeiledemontreal.org\/en\/free-services\/\" \/>\n<meta property=\"og:site_name\" content=\"CJE de l&#039;\u00eele de Montr\u00e9al\" \/>\n<meta property=\"article:publisher\" content=\"https:\/\/www.facebook.com\/CJEmontreal\/\" \/>\n<meta property=\"article:modified_time\" content=\"2021-07-15T20:25:15+00:00\" \/>\n<meta name=\"twitter:card\" content=\"summary_large_image\" \/>\n<meta name=\"twitter:label1\" content=\"Est. reading time\" \/>\n\t<meta name=\"twitter:data1\" content=\"16 minutes\" \/>\n<script type=\"application\/ld+json\" class=\"yoast-schema-graph\">{\"@context\":\"https:\\\/\\\/schema.org\",\"@graph\":[{\"@type\":\"WebPage\",\"@id\":\"https:\\\/\\\/www.cjeiledemontreal.org\\\/en\\\/free-services\\\/\",\"url\":\"https:\\\/\\\/www.cjeiledemontreal.org\\\/en\\\/free-services\\\/\",\"name\":\"Services - CJE de l&#039;\u00eele de Montr\u00e9al\",\"isPartOf\":{\"@id\":\"https:\\\/\\\/www.cjeiledemontreal.org\\\/#website\"},\"datePublished\":\"2020-06-28T18:21:48+00:00\",\"dateModified\":\"2021-07-15T20:25:15+00:00\",\"breadcrumb\":{\"@id\":\"https:\\\/\\\/www.cjeiledemontreal.org\\\/en\\\/free-services\\\/#breadcrumb\"},\"inLanguage\":\"en-US\",\"potentialAction\":[{\"@type\":\"ReadAction\",\"target\":[\"https:\\\/\\\/www.cjeiledemontreal.org\\\/en\\\/free-services\\\/\"]}]},{\"@type\":\"BreadcrumbList\",\"@id\":\"https:\\\/\\\/www.cjeiledemontreal.org\\\/en\\\/free-services\\\/#breadcrumb\",\"itemListElement\":[{\"@type\":\"ListItem\",\"position\":1,\"name\":\"Accueil\",\"item\":\"https:\\\/\\\/www.cjeiledemontreal.org\\\/en\\\/\"},{\"@type\":\"ListItem\",\"position\":2,\"name\":\"Services\"}]},{\"@type\":\"WebSite\",\"@id\":\"https:\\\/\\\/www.cjeiledemontreal.org\\\/#website\",\"url\":\"https:\\\/\\\/www.cjeiledemontreal.org\\\/\",\"name\":\"CJE de \u00eele de Montr\u00e9al\",\"description\":\"Accueillent tous les jeunes de 16 \u00e0 35 ans\",\"publisher\":{\"@id\":\"https:\\\/\\\/www.cjeiledemontreal.org\\\/#organization\"},\"potentialAction\":[{\"@type\":\"SearchAction\",\"target\":{\"@type\":\"EntryPoint\",\"urlTemplate\":\"https:\\\/\\\/www.cjeiledemontreal.org\\\/?s={search_term_string}\"},\"query-input\":{\"@type\":\"PropertyValueSpecification\",\"valueRequired\":true,\"valueName\":\"search_term_string\"}}],\"inLanguage\":\"en-US\"},{\"@type\":\"Organization\",\"@id\":\"https:\\\/\\\/www.cjeiledemontreal.org\\\/#organization\",\"name\":\"CJE de \u00eele de Montr\u00e9al\",\"url\":\"https:\\\/\\\/www.cjeiledemontreal.org\\\/\",\"logo\":{\"@type\":\"ImageObject\",\"inLanguage\":\"en-US\",\"@id\":\"https:\\\/\\\/www.cjeiledemontreal.org\\\/#\\\/schema\\\/logo\\\/image\\\/\",\"url\":\"https:\\\/\\\/www.cjeiledemontreal.org\\\/wp-content\\\/uploads\\\/2020\\\/06\\\/logo-cje-ile-de-montreal.png\",\"contentUrl\":\"https:\\\/\\\/www.cjeiledemontreal.org\\\/wp-content\\\/uploads\\\/2020\\\/06\\\/logo-cje-ile-de-montreal.png\",\"width\":200,\"height\":117,\"caption\":\"CJE de \u00eele de Montr\u00e9al\"},\"image\":{\"@id\":\"https:\\\/\\\/www.cjeiledemontreal.org\\\/#\\\/schema\\\/logo\\\/image\\\/\"},\"sameAs\":[\"https:\\\/\\\/www.facebook.com\\\/CJEmontreal\\\/\",\"https:\\\/\\\/www.instagram.com\\\/cjemontreal\\\/\"]}]}<\/script>\n<!-- \/ Yoast SEO plugin. -->","yoast_head_json":{"title":"Services - CJE de l&#039;\u00eele de Montr\u00e9al","robots":{"index":"index","follow":"follow","max-snippet":"max-snippet:-1","max-image-preview":"max-image-preview:large","max-video-preview":"max-video-preview:-1"},"canonical":"https:\/\/www.cjeiledemontreal.org\/en\/free-services\/","og_locale":"en_US","og_type":"article","og_title":"Services - CJE de l&#039;\u00eele de Montr\u00e9al","og_url":"https:\/\/www.cjeiledemontreal.org\/en\/free-services\/","og_site_name":"CJE de l&#039;\u00eele de Montr\u00e9al","article_publisher":"https:\/\/www.facebook.com\/CJEmontreal\/","article_modified_time":"2021-07-15T20:25:15+00:00","twitter_card":"summary_large_image","twitter_misc":{"Est. reading time":"16 minutes"},"schema":{"@context":"https:\/\/schema.org","@graph":[{"@type":"WebPage","@id":"https:\/\/www.cjeiledemontreal.org\/en\/free-services\/","url":"https:\/\/www.cjeiledemontreal.org\/en\/free-services\/","name":"Services - CJE de l&#039;\u00eele de Montr\u00e9al","isPartOf":{"@id":"https:\/\/www.cjeiledemontreal.org\/#website"},"datePublished":"2020-06-28T18:21:48+00:00","dateModified":"2021-07-15T20:25:15+00:00","breadcrumb":{"@id":"https:\/\/www.cjeiledemontreal.org\/en\/free-services\/#breadcrumb"},"inLanguage":"en-US","potentialAction":[{"@type":"ReadAction","target":["https:\/\/www.cjeiledemontreal.org\/en\/free-services\/"]}]},{"@type":"BreadcrumbList","@id":"https:\/\/www.cjeiledemontreal.org\/en\/free-services\/#breadcrumb","itemListElement":[{"@type":"ListItem","position":1,"name":"Accueil","item":"https:\/\/www.cjeiledemontreal.org\/en\/"},{"@type":"ListItem","position":2,"name":"Services"}]},{"@type":"WebSite","@id":"https:\/\/www.cjeiledemontreal.org\/#website","url":"https:\/\/www.cjeiledemontreal.org\/","name":"CJE de \u00eele de Montr\u00e9al","description":"Accueillent tous les jeunes de 16 \u00e0 35 ans","publisher":{"@id":"https:\/\/www.cjeiledemontreal.org\/#organization"},"potentialAction":[{"@type":"SearchAction","target":{"@type":"EntryPoint","urlTemplate":"https:\/\/www.cjeiledemontreal.org\/?s={search_term_string}"},"query-input":{"@type":"PropertyValueSpecification","valueRequired":true,"valueName":"search_term_string"}}],"inLanguage":"en-US"},{"@type":"Organization","@id":"https:\/\/www.cjeiledemontreal.org\/#organization","name":"CJE de \u00eele de Montr\u00e9al","url":"https:\/\/www.cjeiledemontreal.org\/","logo":{"@type":"ImageObject","inLanguage":"en-US","@id":"https:\/\/www.cjeiledemontreal.org\/#\/schema\/logo\/image\/","url":"https:\/\/www.cjeiledemontreal.org\/wp-content\/uploads\/2020\/06\/logo-cje-ile-de-montreal.png","contentUrl":"https:\/\/www.cjeiledemontreal.org\/wp-content\/uploads\/2020\/06\/logo-cje-ile-de-montreal.png","width":200,"height":117,"caption":"CJE de \u00eele de Montr\u00e9al"},"image":{"@id":"https:\/\/www.cjeiledemontreal.org\/#\/schema\/logo\/image\/"},"sameAs":["https:\/\/www.facebook.com\/CJEmontreal\/","https:\/\/www.instagram.com\/cjemontreal\/"]}]}},"_links":{"self":[{"href":"https:\/\/www.cjeiledemontreal.org\/en\/wp-json\/wp\/v2\/pages\/1216","targetHints":{"allow":["GET"]}}],"collection":[{"href":"https:\/\/www.cjeiledemontreal.org\/en\/wp-json\/wp\/v2\/pages"}],"about":[{"href":"https:\/\/www.cjeiledemontreal.org\/en\/wp-json\/wp\/v2\/types\/page"}],"author":[{"embeddable":true,"href":"https:\/\/www.cjeiledemontreal.org\/en\/wp-json\/wp\/v2\/users\/1"}],"replies":[{"embeddable":true,"href":"https:\/\/www.cjeiledemontreal.org\/en\/wp-json\/wp\/v2\/comments?post=1216"}],"version-history":[{"count":5,"href":"https:\/\/www.cjeiledemontreal.org\/en\/wp-json\/wp\/v2\/pages\/1216\/revisions"}],"predecessor-version":[{"id":1458,"href":"https:\/\/www.cjeiledemontreal.org\/en\/wp-json\/wp\/v2\/pages\/1216\/revisions\/1458"}],"wp:attachment":[{"href":"https:\/\/www.cjeiledemontreal.org\/en\/wp-json\/wp\/v2\/media?parent=1216"}],"curies":[{"name":"wp","href":"https:\/\/api.w.org\/{rel}","templated":true}]}}