{"id":1209,"date":"2020-06-07T11:57:31","date_gmt":"2020-06-07T15:57:31","guid":{"rendered":"https:\/\/www.cjeiledemontreal.org\/a-propos\/"},"modified":"2021-07-15T16:25:53","modified_gmt":"2021-07-15T20:25:53","slug":"about-us","status":"publish","type":"page","link":"https:\/\/www.cjeiledemontreal.org\/en\/about-us\/","title":{"rendered":"About us"},"content":{"rendered":"<p><div class=\"fusion-fullwidth fullwidth-box fusion-builder-row-1 nonhundred-percent-fullwidth non-hundred-percent-height-scrolling\" style=\"--awb-background-position:center bottom;--awb-background-repeat:repeat-x;--awb-border-sizes-top:0px;--awb-border-sizes-bottom:0px;--awb-border-sizes-left:0px;--awb-border-sizes-right:0px;--awb-border-radius-top-left:0px;--awb-border-radius-top-right:0px;--awb-border-radius-bottom-right:0px;--awb-border-radius-bottom-left:0px;--awb-padding-top:130px;--awb-padding-bottom:0px;--awb-background-color:#f0f0f0;--awb-flex-wrap:wrap;\" ><div class=\"fusion-builder-row fusion-row\"><div class=\"fusion-layout-column fusion_builder_column fusion-builder-column-0 fusion_builder_column_1_1 1_1 fusion-one-full fusion-column-first fusion-column-last fusion-column-no-min-height\" style=\"--awb-bg-size:cover;--awb-margin-bottom:0px;\"><div class=\"fusion-column-wrapper fusion-flex-column-wrapper-legacy\"><div class=\"fusion-title title fusion-title-1 fusion-sep-none fusion-title-center fusion-title-text fusion-title-size-one\" style=\"--awb-margin-bottom:20px;--awb-margin-top-small:0px;--awb-margin-right-small:0px;--awb-margin-bottom-small:20px;--awb-margin-left-small:0px;\"><h1 class=\"fusion-title-heading title-heading-center fusion-responsive-typography-calculated\" style=\"margin:0;--fontSize:40;line-height:1.1;\">ABOUT THE <span style=\"color: #014898; font-weight: 900;\">CJEs<\/span> OF THE ISLAND OF MONTREAL<\/h1><\/div><div class=\"fusion-sep-clear\"><\/div><div class=\"fusion-separator\" style=\"margin-left: auto;margin-right: auto;margin-top:30px;margin-bottom:60px;width:100%;max-width:40%;\"><div class=\"fusion-separator-border sep-single\" style=\"--awb-height:20px;--awb-amount:20px;--awb-sep-color:#014898;border-color:#014898;border-top-width:1px;\"><\/div><\/div><div class=\"fusion-sep-clear\"><\/div><div class=\"fusion-clearfix\"><\/div><\/div><\/div><\/div><\/div><div class=\"fusion-fullwidth fullwidth-box fusion-builder-row-2 fusion-parallax-none nonhundred-percent-fullwidth non-hundred-percent-height-scrolling\" style=\"--awb-background-position:center bottom;--awb-background-repeat:repeat-x;--awb-border-sizes-top:0px;--awb-border-sizes-bottom:0px;--awb-border-sizes-left:0px;--awb-border-sizes-right:0px;--awb-border-radius-top-left:0px;--awb-border-radius-top-right:0px;--awb-border-radius-bottom-right:0px;--awb-border-radius-bottom-left:0px;--awb-padding-top:40px;--awb-padding-bottom:0px;--awb-background-color:#f0f0f0;--awb-background-image:url(&quot;https:\/\/www.cjeiledemontreal.org\/wp-content\/uploads\/2020\/06\/fond-2-cje-ile-de-montreal.jpg&quot;);--awb-flex-wrap:wrap;\" ><div class=\"fusion-builder-row fusion-row\"><div class=\"fusion-layout-column fusion_builder_column fusion-builder-column-1 fusion_builder_column_1_2 1_2 fusion-one-half fusion-column-first fusion-animated\" style=\"--awb-bg-size:cover;width:48%; margin-right: 4%;\" data-animationType=\"slideInLeft\" data-animationDuration=\"1\" data-animationOffset=\"top-into-view\"><div class=\"fusion-column-wrapper fusion-flex-column-wrapper-legacy\"><div class=\"fusion-sep-clear\"><\/div><div class=\"fusion-separator fusion-full-width-sep\" style=\"margin-left: auto;margin-right: auto;margin-top:50px;width:100%;\"><\/div><div class=\"fusion-sep-clear\"><\/div><div class=\"fusion-image-element fusion-image-align-center in-legacy-container\" style=\"text-align:center;--awb-caption-title-font-family:var(--h2_typography-font-family);--awb-caption-title-font-weight:var(--h2_typography-font-weight);--awb-caption-title-font-style:var(--h2_typography-font-style);--awb-caption-title-size:var(--h2_typography-font-size);--awb-caption-title-transform:var(--h2_typography-text-transform);--awb-caption-title-line-height:var(--h2_typography-line-height);--awb-caption-title-letter-spacing:var(--h2_typography-letter-spacing);\"><div class=\"imageframe-align-center\"><span class=\" fusion-imageframe imageframe-none imageframe-1 hover-type-none fusion-animated\" data-animationType=\"bounceInDown\" data-animationDuration=\"0.1\" data-animationOffset=\"top-into-view\"><img decoding=\"async\" width=\"560\" height=\"830\" title=\"montage-garcon-accueil 2\" src=\"https:\/\/www.cjeiledemontreal.org\/wp-content\/uploads\/2020\/05\/montage-garcon-accueil-2.png\" alt class=\"img-responsive wp-image-1127\" srcset=\"https:\/\/www.cjeiledemontreal.org\/wp-content\/uploads\/2020\/05\/montage-garcon-accueil-2-200x296.png 200w, https:\/\/www.cjeiledemontreal.org\/wp-content\/uploads\/2020\/05\/montage-garcon-accueil-2-400x593.png 400w, https:\/\/www.cjeiledemontreal.org\/wp-content\/uploads\/2020\/05\/montage-garcon-accueil-2.png 560w\" sizes=\"(max-width: 800px) 100vw, 560px\" \/><\/span><\/div><\/div><div class=\"fusion-sep-clear\"><\/div><div class=\"fusion-separator fusion-full-width-sep\" style=\"margin-left: auto;margin-right: auto;margin-top:90px;width:100%;\"><\/div><div class=\"fusion-sep-clear\"><\/div><div class=\"fusion-clearfix\"><\/div><\/div><\/div><div class=\"fusion-layout-column fusion_builder_column fusion-builder-column-2 fusion_builder_column_1_2 1_2 fusion-one-half fusion-column-last\" style=\"--awb-padding-top:50px;--awb-padding-right:60px;--awb-padding-bottom:40px;--awb-padding-left:60px;--awb-overflow:hidden;--awb-bg-color:rgba(255,255,255,0.85);--awb-bg-color-hover:rgba(255,255,255,0.85);--awb-bg-size:cover;--awb-border-radius:20px 20px 20px 20px;width:48%;\"><div class=\"fusion-column-wrapper fusion-column-has-shadow fusion-flex-column-wrapper-legacy\"><div class=\"fusion-title title fusion-title-2 fusion-title-text fusion-title-size-two titre-a-propos\" style=\"--awb-text-color:#014898;--awb-margin-top-small:0px;--awb-margin-right-small:0px;--awb-margin-bottom-small:20px;--awb-margin-left-small:0px;\"><h2 class=\"fusion-title-heading title-heading-left fusion-responsive-typography-calculated\" style=\"margin:0;--fontSize:33;line-height:1.1;\">MISSION<\/h2><span class=\"awb-title-spacer\"><\/span><div class=\"title-sep-container\"><div class=\"title-sep sep- sep-solid\" style=\"border-color:#e0dede;\"><\/div><\/div><\/div><div class=\"fusion-text fusion-text-1 texte-a-propos\"><p>The CJEs of the Island of Montreal:<\/p>\n<ul>\n<li>Welcome local youth<\/li>\n<li><a href=\"https:\/\/www.cjeiledemontreal.org\/en\/free-services\/\">Offer free services<\/a><\/li>\n<li>Offer various tools to help support their job search, education, training programs, entrepreneurship or community engagement.<\/li>\n<\/ul>\n<\/div><div class=\"fusion-sep-clear\"><\/div><div class=\"fusion-separator fusion-full-width-sep\" style=\"margin-left: auto;margin-right: auto;margin-top:35px;width:100%;\"><\/div><div class=\"fusion-sep-clear\"><\/div><div class=\"fusion-title title fusion-title-3 fusion-title-text fusion-title-size-two titre-a-propos\" style=\"--awb-text-color:#014898;--awb-margin-top-small:0px;--awb-margin-right-small:0px;--awb-margin-bottom-small:20px;--awb-margin-left-small:0px;\"><h2 class=\"fusion-title-heading title-heading-left fusion-responsive-typography-calculated\" style=\"margin:0;--fontSize:33;line-height:1.1;\">HISTORY<\/h2><span class=\"awb-title-spacer\"><\/span><div class=\"title-sep-container\"><div class=\"title-sep sep- sep-solid\" style=\"border-color:#e0dede;\"><\/div><\/div><\/div><div class=\"fusion-text fusion-text-2 texte-a-propos\"><p>Since 1995, CJEs have been opening their doors throughout Montreal neighborhoods. Thanks to their various locations and accessibility, the 20 CJEs on the Island of Montreal contribute to local vitality. They were created to help, support and encourage youths in their path towards social and professional integration.<\/p>\n<\/div><div class=\"fusion-clearfix\"><\/div><\/div><\/div><\/div><\/div><div class=\"fusion-fullwidth fullwidth-box fusion-builder-row-3 fusion-parallax-none nonhundred-percent-fullwidth non-hundred-percent-height-scrolling\" style=\"--awb-background-position:center bottom;--awb-background-repeat:repeat-x;--awb-border-sizes-top:0px;--awb-border-sizes-bottom:0px;--awb-border-sizes-left:0px;--awb-border-sizes-right:0px;--awb-border-radius-top-left:0px;--awb-border-radius-top-right:0px;--awb-border-radius-bottom-right:0px;--awb-border-radius-bottom-left:0px;--awb-padding-top:20px;--awb-padding-bottom:20px;--awb-background-color:#f0f0f0;--awb-background-image:url(&quot;https:\/\/www.cjeiledemontreal.org\/wp-content\/uploads\/2020\/06\/fond-1-cje-ile-de-montreal.jpg&quot;);--awb-flex-wrap:wrap;\" ><div class=\"fusion-builder-row fusion-row\"><div class=\"fusion-layout-column fusion_builder_column fusion-builder-column-3 fusion_builder_column_1_2 1_2 fusion-one-half fusion-column-first\" style=\"--awb-padding-top:50px;--awb-padding-right:60px;--awb-padding-bottom:40px;--awb-padding-left:60px;--awb-overflow:hidden;--awb-bg-color:rgba(255,255,255,0.85);--awb-bg-color-hover:rgba(255,255,255,0.85);--awb-bg-size:cover;--awb-border-radius:20px 20px 20px 20px;width:48%; margin-right: 4%;\"><div class=\"fusion-column-wrapper fusion-column-has-shadow fusion-flex-column-wrapper-legacy\"><div class=\"fusion-title title fusion-title-4 fusion-title-text fusion-title-size-two titre-a-propos\" style=\"--awb-text-color:#014898;--awb-margin-top-small:0px;--awb-margin-right-small:0px;--awb-margin-bottom-small:20px;--awb-margin-left-small:0px;\"><h2 class=\"fusion-title-heading title-heading-left fusion-responsive-typography-calculated\" style=\"margin:0;--fontSize:33;line-height:1.1;\">WHO ARE WE?<\/h2><span class=\"awb-title-spacer\"><\/span><div class=\"title-sep-container\"><div class=\"title-sep sep- sep-solid\" style=\"border-color:#e0dede;\"><\/div><\/div><\/div><div class=\"fusion-text fusion-text-3 texte-a-propos\"><p>Founded on professionalism and integrity, CJEs have always been based on an open, needs-based and collaborative approach. The CJEs of the Island of Montreal have over 200 professionals who work on a daily basis and over 150 volunteer trustees.<\/p>\n<\/div><div class=\"fusion-clearfix\"><\/div><\/div><\/div><div class=\"fusion-layout-column fusion_builder_column fusion-builder-column-4 fusion_builder_column_1_2 1_2 fusion-one-half fusion-column-last fusion-animated\" style=\"--awb-bg-size:cover;width:48%;\" data-animationType=\"slideInRight\" data-animationDuration=\"1.0\" data-animationOffset=\"top-into-view\"><div class=\"fusion-column-wrapper fusion-column-has-shadow fusion-flex-column-wrapper-legacy\"><div class=\"fusion-sep-clear\"><\/div><div class=\"fusion-separator fusion-full-width-sep\" style=\"margin-left: auto;margin-right: auto;margin-top:50px;width:100%;\"><\/div><div class=\"fusion-sep-clear\"><\/div><div class=\"fusion-image-element fusion-image-align-center in-legacy-container\" style=\"text-align:center;--awb-max-width:560px;--awb-caption-title-font-family:var(--h2_typography-font-family);--awb-caption-title-font-weight:var(--h2_typography-font-weight);--awb-caption-title-font-style:var(--h2_typography-font-style);--awb-caption-title-size:var(--h2_typography-font-size);--awb-caption-title-transform:var(--h2_typography-text-transform);--awb-caption-title-line-height:var(--h2_typography-line-height);--awb-caption-title-letter-spacing:var(--h2_typography-letter-spacing);\"><div class=\"imageframe-align-center\"><span class=\" fusion-imageframe imageframe-none imageframe-2 hover-type-none image-femme-apropos fusion-animated\" data-animationType=\"bounceInDown\" data-animationDuration=\"0.1\" data-animationOffset=\"top-into-view\"><img decoding=\"async\" width=\"498\" height=\"830\" title=\"femme-page-a-propos-cje-montreal\" src=\"https:\/\/www.cjeiledemontreal.org\/wp-content\/uploads\/2020\/06\/femme-page-a-propos-cje-montreal.png\" alt class=\"img-responsive wp-image-1164\" srcset=\"https:\/\/www.cjeiledemontreal.org\/wp-content\/uploads\/2020\/06\/femme-page-a-propos-cje-montreal-200x333.png 200w, https:\/\/www.cjeiledemontreal.org\/wp-content\/uploads\/2020\/06\/femme-page-a-propos-cje-montreal-400x667.png 400w, https:\/\/www.cjeiledemontreal.org\/wp-content\/uploads\/2020\/06\/femme-page-a-propos-cje-montreal.png 498w\" sizes=\"(max-width: 800px) 100vw, 498px\" \/><\/span><\/div><\/div><div class=\"fusion-clearfix\"><\/div><\/div><\/div><\/div><\/div><div class=\"fusion-fullwidth fullwidth-box fusion-builder-row-4 nonhundred-percent-fullwidth non-hundred-percent-height-scrolling\" style=\"--awb-background-position:center bottom;--awb-background-repeat:repeat-x;--awb-border-sizes-top:0px;--awb-border-sizes-bottom:0px;--awb-border-sizes-left:0px;--awb-border-sizes-right:0px;--awb-border-radius-top-left:0px;--awb-border-radius-top-right:0px;--awb-border-radius-bottom-right:0px;--awb-border-radius-bottom-left:0px;--awb-padding-top:30px;--awb-padding-right:20%;--awb-padding-bottom:20px;--awb-padding-left:20%;--awb-flex-wrap:wrap;\" ><div class=\"fusion-builder-row fusion-row\"><div class=\"fusion-layout-column fusion_builder_column fusion-builder-column-5 fusion_builder_column_1_3 1_3 fusion-one-third fusion-column-first fusion-animated\" style=\"--awb-padding-right:25%;--awb-padding-left:25%;--awb-bg-size:cover;\" data-animationType=\"slideInLeft\" data-animationDuration=\"0.8\" data-animationOffset=\"top-into-view\"><div class=\"fusion-column-wrapper fusion-column-has-shadow fusion-flex-column-wrapper-legacy\"><div class=\"fusion-image-element fusion-image-align-right in-legacy-container\" style=\"text-align:right;--awb-max-width:120px;--awb-caption-title-font-family:var(--h2_typography-font-family);--awb-caption-title-font-weight:var(--h2_typography-font-weight);--awb-caption-title-font-style:var(--h2_typography-font-style);--awb-caption-title-size:var(--h2_typography-font-size);--awb-caption-title-transform:var(--h2_typography-text-transform);--awb-caption-title-line-height:var(--h2_typography-line-height);--awb-caption-title-letter-spacing:var(--h2_typography-letter-spacing);\"><span class=\" fusion-imageframe imageframe-none imageframe-3 hover-type-none\" style=\"margin-left:25px;float:right;\"><a class=\"fusion-no-lightbox\" href=\"https:\/\/www.cjeiledemontreal.org\/en\/contact\/#map\" target=\"_self\" aria-label=\"icone-cje-quartier-bleu-min\"><img decoding=\"async\" width=\"146\" height=\"144\" src=\"https:\/\/www.cjeiledemontreal.org\/wp-content\/uploads\/2020\/06\/icone-cje-quartier-bleu-min.png\" alt class=\"img-responsive wp-image-1173\" srcset=\"https:\/\/www.cjeiledemontreal.org\/wp-content\/uploads\/2020\/06\/icone-cje-quartier-bleu-min-66x66.png 66w, https:\/\/www.cjeiledemontreal.org\/wp-content\/uploads\/2020\/06\/icone-cje-quartier-bleu-min.png 146w\" sizes=\"(max-width: 146px) 100vw, 146px\" \/><\/a><\/span><\/div><div class=\"fusion-clearfix\"><\/div><\/div><\/div><div class=\"fusion-layout-column fusion_builder_column fusion-builder-column-6 fusion_builder_column_2_3 2_3 fusion-two-third fusion-column-last fusion-animated\" style=\"--awb-bg-size:cover;--awb-margin-top:30px;--awb-margin-bottom:0px;\" data-animationType=\"slideInRight\" data-animationDuration=\"0.5\" data-animationOffset=\"top-into-view\"><div class=\"fusion-column-wrapper fusion-column-has-shadow fusion-flex-column-wrapper-legacy\"><div class=\"fusion-title title fusion-title-5 fusion-sep-none fusion-title-text fusion-title-size-two titre-bas-page\" style=\"--awb-margin-bottom:0px;--awb-margin-top-small:0px;--awb-margin-right-small:0px;--awb-margin-bottom-small:20px;--awb-margin-left-small:0px;\"><h2 class=\"fusion-title-heading title-heading-left fusion-responsive-typography-calculated\" style=\"margin:0;--fontSize:33;line-height:1.1;\"><span style=\"color: #014898;\">YOUR LOCAL CJE<\/span><\/h2><\/div><div class=\"fusion-text fusion-text-4 lien-endroit\"><p><span style=\"color: #484848; font-size: 18px;\"><a href=\"https:\/\/www.cjeiledemontreal.org\/en\/contact\/#map\">The perfect place<\/a> to develop your potential with professionals.<\/span><\/p>\n<\/div><div class=\"fusion-clearfix\"><\/div><\/div><\/div><\/div><\/div><\/p>\n","protected":false},"excerpt":{"rendered":"","protected":false},"author":1,"featured_media":0,"parent":0,"menu_order":0,"comment_status":"closed","ping_status":"closed","template":"100-width.php","meta":{"footnotes":""},"class_list":["post-1209","page","type-page","status-publish","hentry"],"yoast_head":"<!-- This site is optimized with the Yoast SEO plugin v27.5 - https:\/\/yoast.com\/product\/yoast-seo-wordpress\/ -->\n<title>About us - CJE de l&#039;\u00eele de Montr\u00e9al<\/title>\n<meta name=\"description\" content=\"Les CJE proposent diff\u00e9rents outils selon les besoins li\u00e9s \u00e0 la recherche d\u2019emploi, l\u2019\u00e9ducation, la formation, l\u2019entrepreneuriat ou l\u2019engagement citoyen.\" \/>\n<meta name=\"robots\" content=\"index, follow, max-snippet:-1, max-image-preview:large, max-video-preview:-1\" \/>\n<link rel=\"canonical\" href=\"https:\/\/www.cjeiledemontreal.org\/en\/about-us\/\" \/>\n<meta property=\"og:locale\" content=\"en_US\" \/>\n<meta property=\"og:type\" content=\"article\" \/>\n<meta property=\"og:title\" content=\"About us - CJE de l&#039;\u00eele de Montr\u00e9al\" \/>\n<meta property=\"og:description\" content=\"Les CJE proposent diff\u00e9rents outils selon les besoins li\u00e9s \u00e0 la recherche d\u2019emploi, l\u2019\u00e9ducation, la formation, l\u2019entrepreneuriat ou l\u2019engagement citoyen.\" \/>\n<meta property=\"og:url\" content=\"https:\/\/www.cjeiledemontreal.org\/en\/about-us\/\" \/>\n<meta property=\"og:site_name\" content=\"CJE de l&#039;\u00eele de Montr\u00e9al\" \/>\n<meta property=\"article:publisher\" content=\"https:\/\/www.facebook.com\/CJEmontreal\/\" \/>\n<meta property=\"article:modified_time\" content=\"2021-07-15T20:25:53+00:00\" \/>\n<meta name=\"twitter:card\" content=\"summary_large_image\" \/>\n<meta name=\"twitter:label1\" content=\"Est. reading time\" \/>\n\t<meta name=\"twitter:data1\" content=\"17 minutes\" \/>\n<script type=\"application\/ld+json\" class=\"yoast-schema-graph\">{\"@context\":\"https:\\\/\\\/schema.org\",\"@graph\":[{\"@type\":\"WebPage\",\"@id\":\"https:\\\/\\\/www.cjeiledemontreal.org\\\/en\\\/about-us\\\/\",\"url\":\"https:\\\/\\\/www.cjeiledemontreal.org\\\/en\\\/about-us\\\/\",\"name\":\"About us - CJE de l&#039;\u00eele de Montr\u00e9al\",\"isPartOf\":{\"@id\":\"https:\\\/\\\/www.cjeiledemontreal.org\\\/#website\"},\"datePublished\":\"2020-06-07T15:57:31+00:00\",\"dateModified\":\"2021-07-15T20:25:53+00:00\",\"description\":\"Les CJE proposent diff\u00e9rents outils selon les besoins li\u00e9s \u00e0 la recherche d\u2019emploi, l\u2019\u00e9ducation, la formation, l\u2019entrepreneuriat ou l\u2019engagement citoyen.\",\"breadcrumb\":{\"@id\":\"https:\\\/\\\/www.cjeiledemontreal.org\\\/en\\\/about-us\\\/#breadcrumb\"},\"inLanguage\":\"en-US\",\"potentialAction\":[{\"@type\":\"ReadAction\",\"target\":[\"https:\\\/\\\/www.cjeiledemontreal.org\\\/en\\\/about-us\\\/\"]}]},{\"@type\":\"BreadcrumbList\",\"@id\":\"https:\\\/\\\/www.cjeiledemontreal.org\\\/en\\\/about-us\\\/#breadcrumb\",\"itemListElement\":[{\"@type\":\"ListItem\",\"position\":1,\"name\":\"Accueil\",\"item\":\"https:\\\/\\\/www.cjeiledemontreal.org\\\/en\\\/\"},{\"@type\":\"ListItem\",\"position\":2,\"name\":\"About us\"}]},{\"@type\":\"WebSite\",\"@id\":\"https:\\\/\\\/www.cjeiledemontreal.org\\\/#website\",\"url\":\"https:\\\/\\\/www.cjeiledemontreal.org\\\/\",\"name\":\"CJE de \u00eele de Montr\u00e9al\",\"description\":\"Accueillent tous les jeunes de 16 \u00e0 35 ans\",\"publisher\":{\"@id\":\"https:\\\/\\\/www.cjeiledemontreal.org\\\/#organization\"},\"potentialAction\":[{\"@type\":\"SearchAction\",\"target\":{\"@type\":\"EntryPoint\",\"urlTemplate\":\"https:\\\/\\\/www.cjeiledemontreal.org\\\/?s={search_term_string}\"},\"query-input\":{\"@type\":\"PropertyValueSpecification\",\"valueRequired\":true,\"valueName\":\"search_term_string\"}}],\"inLanguage\":\"en-US\"},{\"@type\":\"Organization\",\"@id\":\"https:\\\/\\\/www.cjeiledemontreal.org\\\/#organization\",\"name\":\"CJE de \u00eele de Montr\u00e9al\",\"url\":\"https:\\\/\\\/www.cjeiledemontreal.org\\\/\",\"logo\":{\"@type\":\"ImageObject\",\"inLanguage\":\"en-US\",\"@id\":\"https:\\\/\\\/www.cjeiledemontreal.org\\\/#\\\/schema\\\/logo\\\/image\\\/\",\"url\":\"https:\\\/\\\/www.cjeiledemontreal.org\\\/wp-content\\\/uploads\\\/2020\\\/06\\\/logo-cje-ile-de-montreal.png\",\"contentUrl\":\"https:\\\/\\\/www.cjeiledemontreal.org\\\/wp-content\\\/uploads\\\/2020\\\/06\\\/logo-cje-ile-de-montreal.png\",\"width\":200,\"height\":117,\"caption\":\"CJE de \u00eele de Montr\u00e9al\"},\"image\":{\"@id\":\"https:\\\/\\\/www.cjeiledemontreal.org\\\/#\\\/schema\\\/logo\\\/image\\\/\"},\"sameAs\":[\"https:\\\/\\\/www.facebook.com\\\/CJEmontreal\\\/\",\"https:\\\/\\\/www.instagram.com\\\/cjemontreal\\\/\"]}]}<\/script>\n<!-- \/ Yoast SEO plugin. -->","yoast_head_json":{"title":"About us - CJE de l&#039;\u00eele de Montr\u00e9al","description":"Les CJE proposent diff\u00e9rents outils selon les besoins li\u00e9s \u00e0 la recherche d\u2019emploi, l\u2019\u00e9ducation, la formation, l\u2019entrepreneuriat ou l\u2019engagement citoyen.","robots":{"index":"index","follow":"follow","max-snippet":"max-snippet:-1","max-image-preview":"max-image-preview:large","max-video-preview":"max-video-preview:-1"},"canonical":"https:\/\/www.cjeiledemontreal.org\/en\/about-us\/","og_locale":"en_US","og_type":"article","og_title":"About us - CJE de l&#039;\u00eele de Montr\u00e9al","og_description":"Les CJE proposent diff\u00e9rents outils selon les besoins li\u00e9s \u00e0 la recherche d\u2019emploi, l\u2019\u00e9ducation, la formation, l\u2019entrepreneuriat ou l\u2019engagement citoyen.","og_url":"https:\/\/www.cjeiledemontreal.org\/en\/about-us\/","og_site_name":"CJE de l&#039;\u00eele de Montr\u00e9al","article_publisher":"https:\/\/www.facebook.com\/CJEmontreal\/","article_modified_time":"2021-07-15T20:25:53+00:00","twitter_card":"summary_large_image","twitter_misc":{"Est. reading time":"17 minutes"},"schema":{"@context":"https:\/\/schema.org","@graph":[{"@type":"WebPage","@id":"https:\/\/www.cjeiledemontreal.org\/en\/about-us\/","url":"https:\/\/www.cjeiledemontreal.org\/en\/about-us\/","name":"About us - CJE de l&#039;\u00eele de Montr\u00e9al","isPartOf":{"@id":"https:\/\/www.cjeiledemontreal.org\/#website"},"datePublished":"2020-06-07T15:57:31+00:00","dateModified":"2021-07-15T20:25:53+00:00","description":"Les CJE proposent diff\u00e9rents outils selon les besoins li\u00e9s \u00e0 la recherche d\u2019emploi, l\u2019\u00e9ducation, la formation, l\u2019entrepreneuriat ou l\u2019engagement citoyen.","breadcrumb":{"@id":"https:\/\/www.cjeiledemontreal.org\/en\/about-us\/#breadcrumb"},"inLanguage":"en-US","potentialAction":[{"@type":"ReadAction","target":["https:\/\/www.cjeiledemontreal.org\/en\/about-us\/"]}]},{"@type":"BreadcrumbList","@id":"https:\/\/www.cjeiledemontreal.org\/en\/about-us\/#breadcrumb","itemListElement":[{"@type":"ListItem","position":1,"name":"Accueil","item":"https:\/\/www.cjeiledemontreal.org\/en\/"},{"@type":"ListItem","position":2,"name":"About us"}]},{"@type":"WebSite","@id":"https:\/\/www.cjeiledemontreal.org\/#website","url":"https:\/\/www.cjeiledemontreal.org\/","name":"CJE de \u00eele de Montr\u00e9al","description":"Accueillent tous les jeunes de 16 \u00e0 35 ans","publisher":{"@id":"https:\/\/www.cjeiledemontreal.org\/#organization"},"potentialAction":[{"@type":"SearchAction","target":{"@type":"EntryPoint","urlTemplate":"https:\/\/www.cjeiledemontreal.org\/?s={search_term_string}"},"query-input":{"@type":"PropertyValueSpecification","valueRequired":true,"valueName":"search_term_string"}}],"inLanguage":"en-US"},{"@type":"Organization","@id":"https:\/\/www.cjeiledemontreal.org\/#organization","name":"CJE de \u00eele de Montr\u00e9al","url":"https:\/\/www.cjeiledemontreal.org\/","logo":{"@type":"ImageObject","inLanguage":"en-US","@id":"https:\/\/www.cjeiledemontreal.org\/#\/schema\/logo\/image\/","url":"https:\/\/www.cjeiledemontreal.org\/wp-content\/uploads\/2020\/06\/logo-cje-ile-de-montreal.png","contentUrl":"https:\/\/www.cjeiledemontreal.org\/wp-content\/uploads\/2020\/06\/logo-cje-ile-de-montreal.png","width":200,"height":117,"caption":"CJE de \u00eele de Montr\u00e9al"},"image":{"@id":"https:\/\/www.cjeiledemontreal.org\/#\/schema\/logo\/image\/"},"sameAs":["https:\/\/www.facebook.com\/CJEmontreal\/","https:\/\/www.instagram.com\/cjemontreal\/"]}]}},"_links":{"self":[{"href":"https:\/\/www.cjeiledemontreal.org\/en\/wp-json\/wp\/v2\/pages\/1209","targetHints":{"allow":["GET"]}}],"collection":[{"href":"https:\/\/www.cjeiledemontreal.org\/en\/wp-json\/wp\/v2\/pages"}],"about":[{"href":"https:\/\/www.cjeiledemontreal.org\/en\/wp-json\/wp\/v2\/types\/page"}],"author":[{"embeddable":true,"href":"https:\/\/www.cjeiledemontreal.org\/en\/wp-json\/wp\/v2\/users\/1"}],"replies":[{"embeddable":true,"href":"https:\/\/www.cjeiledemontreal.org\/en\/wp-json\/wp\/v2\/comments?post=1209"}],"version-history":[{"count":5,"href":"https:\/\/www.cjeiledemontreal.org\/en\/wp-json\/wp\/v2\/pages\/1209\/revisions"}],"predecessor-version":[{"id":1459,"href":"https:\/\/www.cjeiledemontreal.org\/en\/wp-json\/wp\/v2\/pages\/1209\/revisions\/1459"}],"wp:attachment":[{"href":"https:\/\/www.cjeiledemontreal.org\/en\/wp-json\/wp\/v2\/media?parent=1209"}],"curies":[{"name":"wp","href":"https:\/\/api.w.org\/{rel}","templated":true}]}}