{"id":1203,"date":"2020-05-12T18:51:42","date_gmt":"2020-05-12T22:51:42","guid":{"rendered":"https:\/\/www.cjeiledemontreal.org\/accueil\/"},"modified":"2021-07-15T16:15:37","modified_gmt":"2021-07-15T20:15:37","slug":"accueil","status":"publish","type":"page","link":"https:\/\/www.cjeiledemontreal.org\/en\/","title":{"rendered":"Home"},"content":{"rendered":"<div class=\"fusion-fullwidth fullwidth-box fusion-builder-row-1 nonhundred-percent-fullwidth non-hundred-percent-height-scrolling\" style=\"--awb-background-position:center bottom;--awb-background-repeat:repeat-x;--awb-border-sizes-top:0px;--awb-border-sizes-bottom:0px;--awb-border-sizes-left:0px;--awb-border-sizes-right:0px;--awb-border-radius-top-left:0px;--awb-border-radius-top-right:0px;--awb-border-radius-bottom-right:0px;--awb-border-radius-bottom-left:0px;--awb-padding-top:30px;--awb-padding-right:20%;--awb-padding-bottom:20px;--awb-padding-left:20%;--awb-flex-wrap:wrap;\" ><div class=\"fusion-builder-row fusion-row\"><div class=\"fusion-layout-column fusion_builder_column fusion-builder-column-0 fusion_builder_column_1_3 1_3 fusion-one-third fusion-column-first fusion-animated\" style=\"--awb-padding-right:25%;--awb-padding-left:25%;--awb-bg-size:cover;\" data-animationType=\"slideInLeft\" data-animationDuration=\"0.8\" data-animationOffset=\"top-into-view\"><div class=\"fusion-column-wrapper fusion-column-has-shadow fusion-flex-column-wrapper-legacy\"><div class=\"fusion-image-element fusion-image-align-right in-legacy-container\" style=\"text-align:right;--awb-max-width:120px;--awb-caption-title-font-family:var(--h2_typography-font-family);--awb-caption-title-font-weight:var(--h2_typography-font-weight);--awb-caption-title-font-style:var(--h2_typography-font-style);--awb-caption-title-size:var(--h2_typography-font-size);--awb-caption-title-transform:var(--h2_typography-text-transform);--awb-caption-title-line-height:var(--h2_typography-line-height);--awb-caption-title-letter-spacing:var(--h2_typography-letter-spacing);\"><span class=\" fusion-imageframe imageframe-none imageframe-1 hover-type-none\" style=\"margin-left:25px;float:right;\"><a class=\"fusion-no-lightbox\" href=\"https:\/\/www.cjeiledemontreal.org\/en\/contact\/#map\" target=\"_self\" aria-label=\"icone-cje-quartier-rouge-min\"><img decoding=\"async\" width=\"146\" height=\"144\" src=\"https:\/\/www.cjeiledemontreal.org\/wp-content\/uploads\/2020\/06\/icone-cje-quartier-rouge-min.png\" alt class=\"img-responsive wp-image-1176\" srcset=\"https:\/\/www.cjeiledemontreal.org\/wp-content\/uploads\/2020\/06\/icone-cje-quartier-rouge-min-66x66.png 66w, https:\/\/www.cjeiledemontreal.org\/wp-content\/uploads\/2020\/06\/icone-cje-quartier-rouge-min.png 146w\" sizes=\"(max-width: 146px) 100vw, 146px\" \/><\/a><\/span><\/div><div class=\"fusion-clearfix\"><\/div><\/div><\/div><div class=\"fusion-layout-column fusion_builder_column fusion-builder-column-1 fusion_builder_column_2_3 2_3 fusion-two-third fusion-column-last fusion-animated\" style=\"--awb-bg-size:cover;--awb-margin-top:30px;--awb-margin-bottom:0px;\" data-animationType=\"slideInRight\" data-animationDuration=\"0.5\" data-animationOffset=\"top-into-view\"><div class=\"fusion-column-wrapper fusion-column-has-shadow fusion-flex-column-wrapper-legacy\"><div class=\"fusion-title title fusion-title-1 fusion-sep-none fusion-title-text fusion-title-size-two titre-bas-page\" style=\"--awb-margin-bottom:0px;--awb-margin-top-small:0px;--awb-margin-right-small:0px;--awb-margin-bottom-small:20px;--awb-margin-left-small:0px;\"><h2 class=\"fusion-title-heading title-heading-left fusion-responsive-typography-calculated\" style=\"margin:0;--fontSize:33;line-height:1.1;\"><span style=\"color: #c4221b;\">Your local CJE<\/span><\/h2><\/div><div class=\"fusion-text fusion-text-1 lien-endroit\"><p><span style=\"color: #484848; font-size: 18px;\"><a href=\"https:\/\/www.cjeiledemontreal.org\/en\/contact\/#map\">The perfect place<\/a> to get training and employment advice.<\/span><\/p>\n<\/div><div class=\"fusion-clearfix\"><\/div><\/div><\/div><\/div><\/div>\n","protected":false},"excerpt":{"rendered":"","protected":false},"author":1,"featured_media":0,"parent":0,"menu_order":0,"comment_status":"closed","ping_status":"open","template":"100-width.php","meta":{"footnotes":""},"class_list":["post-1203","page","type-page","status-publish","hentry"],"yoast_head":"<!-- This site is optimized with the Yoast SEO plugin v27.5 - https:\/\/yoast.com\/product\/yoast-seo-wordpress\/ -->\n<title>Les CJE de l&#039;\u00cele-de-Montr\u00e9al | Emploi - \u00c9tudes - Formation<\/title>\n<meta name=\"description\" content=\"Fond\u00e9e sur le professionnalisme et l\u2019int\u00e9grit\u00e9, l\u2019approche des CJE est bas\u00e9e sur l\u2019ouverture, le respect des besoins et la collaboration mutuelle.\" \/>\n<meta name=\"robots\" content=\"index, follow, max-snippet:-1, max-image-preview:large, max-video-preview:-1\" \/>\n<link rel=\"canonical\" href=\"https:\/\/www.cjeiledemontreal.org\/en\/\" \/>\n<meta property=\"og:locale\" content=\"en_US\" \/>\n<meta property=\"og:type\" content=\"article\" \/>\n<meta property=\"og:title\" content=\"Les CJE de l&#039;\u00cele-de-Montr\u00e9al | Emploi - \u00c9tudes - Formation\" \/>\n<meta property=\"og:description\" content=\"Fond\u00e9e sur le professionnalisme et l\u2019int\u00e9grit\u00e9, l\u2019approche des CJE est bas\u00e9e sur l\u2019ouverture, le respect des besoins et la collaboration mutuelle.\" \/>\n<meta property=\"og:url\" content=\"https:\/\/www.cjeiledemontreal.org\/en\/\" \/>\n<meta property=\"og:site_name\" content=\"CJE de l&#039;\u00eele de Montr\u00e9al\" \/>\n<meta property=\"article:publisher\" content=\"https:\/\/www.facebook.com\/CJEmontreal\/\" \/>\n<meta property=\"article:modified_time\" content=\"2021-07-15T20:15:37+00:00\" \/>\n<meta name=\"twitter:card\" content=\"summary_large_image\" \/>\n<meta name=\"twitter:label1\" content=\"Est. reading time\" \/>\n\t<meta name=\"twitter:data1\" content=\"2 minutes\" \/>\n<script type=\"application\/ld+json\" class=\"yoast-schema-graph\">{\"@context\":\"https:\\\/\\\/schema.org\",\"@graph\":[{\"@type\":\"WebPage\",\"@id\":\"https:\\\/\\\/www.cjeiledemontreal.org\\\/en\\\/\",\"url\":\"https:\\\/\\\/www.cjeiledemontreal.org\\\/en\\\/\",\"name\":\"Les CJE de l'\u00cele-de-Montr\u00e9al | Emploi - \u00c9tudes - Formation\",\"isPartOf\":{\"@id\":\"https:\\\/\\\/www.cjeiledemontreal.org\\\/#website\"},\"datePublished\":\"2020-05-12T22:51:42+00:00\",\"dateModified\":\"2021-07-15T20:15:37+00:00\",\"description\":\"Fond\u00e9e sur le professionnalisme et l\u2019int\u00e9grit\u00e9, l\u2019approche des CJE est bas\u00e9e sur l\u2019ouverture, le respect des besoins et la collaboration mutuelle.\",\"breadcrumb\":{\"@id\":\"https:\\\/\\\/www.cjeiledemontreal.org\\\/en\\\/#breadcrumb\"},\"inLanguage\":\"en-US\",\"potentialAction\":[{\"@type\":\"ReadAction\",\"target\":[\"https:\\\/\\\/www.cjeiledemontreal.org\\\/en\\\/\"]}]},{\"@type\":\"BreadcrumbList\",\"@id\":\"https:\\\/\\\/www.cjeiledemontreal.org\\\/en\\\/#breadcrumb\",\"itemListElement\":[{\"@type\":\"ListItem\",\"position\":1,\"name\":\"Accueil\",\"item\":\"https:\\\/\\\/www.cjeiledemontreal.org\\\/en\\\/\"},{\"@type\":\"ListItem\",\"position\":2,\"name\":\"Home\"}]},{\"@type\":\"WebSite\",\"@id\":\"https:\\\/\\\/www.cjeiledemontreal.org\\\/#website\",\"url\":\"https:\\\/\\\/www.cjeiledemontreal.org\\\/\",\"name\":\"CJE de \u00eele de Montr\u00e9al\",\"description\":\"Accueillent tous les jeunes de 16 \u00e0 35 ans\",\"publisher\":{\"@id\":\"https:\\\/\\\/www.cjeiledemontreal.org\\\/#organization\"},\"potentialAction\":[{\"@type\":\"SearchAction\",\"target\":{\"@type\":\"EntryPoint\",\"urlTemplate\":\"https:\\\/\\\/www.cjeiledemontreal.org\\\/?s={search_term_string}\"},\"query-input\":{\"@type\":\"PropertyValueSpecification\",\"valueRequired\":true,\"valueName\":\"search_term_string\"}}],\"inLanguage\":\"en-US\"},{\"@type\":\"Organization\",\"@id\":\"https:\\\/\\\/www.cjeiledemontreal.org\\\/#organization\",\"name\":\"CJE de \u00eele de Montr\u00e9al\",\"url\":\"https:\\\/\\\/www.cjeiledemontreal.org\\\/\",\"logo\":{\"@type\":\"ImageObject\",\"inLanguage\":\"en-US\",\"@id\":\"https:\\\/\\\/www.cjeiledemontreal.org\\\/#\\\/schema\\\/logo\\\/image\\\/\",\"url\":\"https:\\\/\\\/www.cjeiledemontreal.org\\\/wp-content\\\/uploads\\\/2020\\\/06\\\/logo-cje-ile-de-montreal.png\",\"contentUrl\":\"https:\\\/\\\/www.cjeiledemontreal.org\\\/wp-content\\\/uploads\\\/2020\\\/06\\\/logo-cje-ile-de-montreal.png\",\"width\":200,\"height\":117,\"caption\":\"CJE de \u00eele de Montr\u00e9al\"},\"image\":{\"@id\":\"https:\\\/\\\/www.cjeiledemontreal.org\\\/#\\\/schema\\\/logo\\\/image\\\/\"},\"sameAs\":[\"https:\\\/\\\/www.facebook.com\\\/CJEmontreal\\\/\",\"https:\\\/\\\/www.instagram.com\\\/cjemontreal\\\/\"]}]}<\/script>\n<!-- \/ Yoast SEO plugin. -->","yoast_head_json":{"title":"Les CJE de l'\u00cele-de-Montr\u00e9al | Emploi - \u00c9tudes - Formation","description":"Fond\u00e9e sur le professionnalisme et l\u2019int\u00e9grit\u00e9, l\u2019approche des CJE est bas\u00e9e sur l\u2019ouverture, le respect des besoins et la collaboration mutuelle.","robots":{"index":"index","follow":"follow","max-snippet":"max-snippet:-1","max-image-preview":"max-image-preview:large","max-video-preview":"max-video-preview:-1"},"canonical":"https:\/\/www.cjeiledemontreal.org\/en\/","og_locale":"en_US","og_type":"article","og_title":"Les CJE de l'\u00cele-de-Montr\u00e9al | Emploi - \u00c9tudes - Formation","og_description":"Fond\u00e9e sur le professionnalisme et l\u2019int\u00e9grit\u00e9, l\u2019approche des CJE est bas\u00e9e sur l\u2019ouverture, le respect des besoins et la collaboration mutuelle.","og_url":"https:\/\/www.cjeiledemontreal.org\/en\/","og_site_name":"CJE de l&#039;\u00eele de Montr\u00e9al","article_publisher":"https:\/\/www.facebook.com\/CJEmontreal\/","article_modified_time":"2021-07-15T20:15:37+00:00","twitter_card":"summary_large_image","twitter_misc":{"Est. reading time":"2 minutes"},"schema":{"@context":"https:\/\/schema.org","@graph":[{"@type":"WebPage","@id":"https:\/\/www.cjeiledemontreal.org\/en\/","url":"https:\/\/www.cjeiledemontreal.org\/en\/","name":"Les CJE de l'\u00cele-de-Montr\u00e9al | Emploi - \u00c9tudes - Formation","isPartOf":{"@id":"https:\/\/www.cjeiledemontreal.org\/#website"},"datePublished":"2020-05-12T22:51:42+00:00","dateModified":"2021-07-15T20:15:37+00:00","description":"Fond\u00e9e sur le professionnalisme et l\u2019int\u00e9grit\u00e9, l\u2019approche des CJE est bas\u00e9e sur l\u2019ouverture, le respect des besoins et la collaboration mutuelle.","breadcrumb":{"@id":"https:\/\/www.cjeiledemontreal.org\/en\/#breadcrumb"},"inLanguage":"en-US","potentialAction":[{"@type":"ReadAction","target":["https:\/\/www.cjeiledemontreal.org\/en\/"]}]},{"@type":"BreadcrumbList","@id":"https:\/\/www.cjeiledemontreal.org\/en\/#breadcrumb","itemListElement":[{"@type":"ListItem","position":1,"name":"Accueil","item":"https:\/\/www.cjeiledemontreal.org\/en\/"},{"@type":"ListItem","position":2,"name":"Home"}]},{"@type":"WebSite","@id":"https:\/\/www.cjeiledemontreal.org\/#website","url":"https:\/\/www.cjeiledemontreal.org\/","name":"CJE de \u00eele de Montr\u00e9al","description":"Accueillent tous les jeunes de 16 \u00e0 35 ans","publisher":{"@id":"https:\/\/www.cjeiledemontreal.org\/#organization"},"potentialAction":[{"@type":"SearchAction","target":{"@type":"EntryPoint","urlTemplate":"https:\/\/www.cjeiledemontreal.org\/?s={search_term_string}"},"query-input":{"@type":"PropertyValueSpecification","valueRequired":true,"valueName":"search_term_string"}}],"inLanguage":"en-US"},{"@type":"Organization","@id":"https:\/\/www.cjeiledemontreal.org\/#organization","name":"CJE de \u00eele de Montr\u00e9al","url":"https:\/\/www.cjeiledemontreal.org\/","logo":{"@type":"ImageObject","inLanguage":"en-US","@id":"https:\/\/www.cjeiledemontreal.org\/#\/schema\/logo\/image\/","url":"https:\/\/www.cjeiledemontreal.org\/wp-content\/uploads\/2020\/06\/logo-cje-ile-de-montreal.png","contentUrl":"https:\/\/www.cjeiledemontreal.org\/wp-content\/uploads\/2020\/06\/logo-cje-ile-de-montreal.png","width":200,"height":117,"caption":"CJE de \u00eele de Montr\u00e9al"},"image":{"@id":"https:\/\/www.cjeiledemontreal.org\/#\/schema\/logo\/image\/"},"sameAs":["https:\/\/www.facebook.com\/CJEmontreal\/","https:\/\/www.instagram.com\/cjemontreal\/"]}]}},"_links":{"self":[{"href":"https:\/\/www.cjeiledemontreal.org\/en\/wp-json\/wp\/v2\/pages\/1203","targetHints":{"allow":["GET"]}}],"collection":[{"href":"https:\/\/www.cjeiledemontreal.org\/en\/wp-json\/wp\/v2\/pages"}],"about":[{"href":"https:\/\/www.cjeiledemontreal.org\/en\/wp-json\/wp\/v2\/types\/page"}],"author":[{"embeddable":true,"href":"https:\/\/www.cjeiledemontreal.org\/en\/wp-json\/wp\/v2\/users\/1"}],"replies":[{"embeddable":true,"href":"https:\/\/www.cjeiledemontreal.org\/en\/wp-json\/wp\/v2\/comments?post=1203"}],"version-history":[{"count":5,"href":"https:\/\/www.cjeiledemontreal.org\/en\/wp-json\/wp\/v2\/pages\/1203\/revisions"}],"predecessor-version":[{"id":1455,"href":"https:\/\/www.cjeiledemontreal.org\/en\/wp-json\/wp\/v2\/pages\/1203\/revisions\/1455"}],"wp:attachment":[{"href":"https:\/\/www.cjeiledemontreal.org\/en\/wp-json\/wp\/v2\/media?parent=1203"}],"curies":[{"name":"wp","href":"https:\/\/api.w.org\/{rel}","templated":true}]}}